{"id":4454,"date":"2025-06-17T06:30:19","date_gmt":"2025-06-17T06:30:19","guid":{"rendered":"https:\/\/www.starmoves.net\/ubicaciones\/"},"modified":"2025-07-11T11:49:45","modified_gmt":"2025-07-11T11:49:45","slug":"ubicaciones","status":"publish","type":"page","link":"https:\/\/www.starmoves.net\/es\/ubicaciones\/","title":{"rendered":"UBICACIONES"},"content":{"rendered":"\t\t<div data-elementor-type=\"wp-page\" data-elementor-id=\"4454\" class=\"elementor elementor-4454 elementor-625\" data-elementor-settings=\"{&quot;ha_cmc_init_switcher&quot;:&quot;no&quot;}\" data-elementor-post-type=\"page\">\n\t\t\t\t\t\t<section class=\"elementor-section elementor-top-section elementor-element elementor-element-795043f elementor-section-height-min-height elementor-section-boxed elementor-section-height-default elementor-section-items-middle\" data-id=\"795043f\" data-element_type=\"section\" data-e-type=\"section\" data-settings=\"{&quot;background_background&quot;:&quot;classic&quot;,&quot;_ha_eqh_enable&quot;:false}\">\n\t\t\t\t\t\t\t<div class=\"elementor-background-overlay\"><\/div>\n\t\t\t\t\t\t\t<div class=\"elementor-container elementor-column-gap-default\">\n\t\t\t\t\t<div class=\"elementor-column elementor-col-100 elementor-top-column elementor-element elementor-element-c65c7e7\" data-id=\"c65c7e7\" data-element_type=\"column\" data-e-type=\"column\">\n\t\t\t<div class=\"elementor-widget-wrap elementor-element-populated\">\n\t\t\t\t\t\t<div class=\"elementor-element elementor-element-17e61d5 elementor-invisible elementor-widget elementor-widget-heading\" data-id=\"17e61d5\" data-element_type=\"widget\" data-e-type=\"widget\" data-settings=\"{&quot;_animation&quot;:&quot;fadeInUp&quot;}\" data-widget_type=\"heading.default\">\n\t\t\t\t<div class=\"elementor-widget-container\">\n\t\t\t\t\t<h2 class=\"elementor-heading-title elementor-size-default\">ENCUENTRA TU CURSO<\/h2>\t\t\t\t<\/div>\n\t\t\t\t<\/div>\n\t\t\t\t<div class=\"elementor-element elementor-element-89ff8b7 elementor-widget elementor-widget-text-editor\" data-id=\"89ff8b7\" data-element_type=\"widget\" data-e-type=\"widget\" data-widget_type=\"text-editor.default\">\n\t\t\t\t<div class=\"elementor-widget-container\">\n\t\t\t\t\t\t\t\t\t<div><div data-brz-custom-id=\"glNyEWO5QBDL\"><div data-brz-translate-text=\"1\"><p data-uniq-id=\"mLrzY\" data-generated-css=\"brz-css-qKnKY\"><span style=\"vertical-align: inherit;\"><span style=\"vertical-align: inherit;\"><span style=\"vertical-align: inherit;\"><span style=\"vertical-align: inherit;\">\u00ab<\/span><\/span><\/span><\/span><span style=\"vertical-align: inherit;\"><span style=\"vertical-align: inherit;\"><span style=\"vertical-align: inherit;\"><span style=\"vertical-align: inherit;\">ENCUENTRA TU CLASE PERFECTA CERCA DE TI Y SUM\u00c9RGETE EN EL MUNDO DEL HIP HOP DE STARMOVES\u00bb<\/span><\/span><\/span><\/span><\/p><\/div><\/div><\/div><div><div data-brz-custom-id=\"fadkdkXavVQt\"><div data-brz-translate-text=\"1\"><div id=\"\" class=\"brz-css-14dla05 brz-css-1gmg0sr brz-wrapper\"><div class=\"brz-rich-text brz-rich-text__custom brz-css-1rpib5j brz-css-1g5tipq\" data-brz-custom-id=\"fadkdkXavVQt\"><div data-brz-translate-text=\"1\"><p class=\"brz-text-lg-center brz-fss-lg-px brz-fw-lg-400 brz-ls-lg-0 brz-lh-lg-1_5 brz-vfw-lg-400 brz-fwdth-lg-100 brz-fsft-lg-0 brz-tp-lg-empty brz-ff-overpass brz-ft-google brz-fs-lg-18 brz-css-j8fR8\" data-generated-css=\"brz-css-z3t96\" data-uniq-id=\"ynWJW\"><span class=\"brz-cp-color8\">BUSCADOR DE ESCUELAS DE DANZA<\/span><\/p><p class=\"brz-text-lg-center brz-fss-lg-px brz-fw-lg-400 brz-ls-lg-0 brz-lh-lg-1_5 brz-vfw-lg-400 brz-fwdth-lg-100 brz-fsft-lg-0 brz-tp-lg-empty brz-ff-overpass brz-ft-google brz-fs-lg-18 brz-css-iE9B5\" data-generated-css=\"brz-css-mq10E\" data-uniq-id=\"tSGiR\"><span class=\"brz-cp-color8\">ENCONTRAR DIRECTAMENTE EN L\u00cdNEA<\/span><\/p><\/div><\/div><\/div><\/div><\/div><\/div>\t\t\t\t\t\t\t\t<\/div>\n\t\t\t\t<\/div>\n\t\t\t\t<section class=\"elementor-section elementor-inner-section elementor-element elementor-element-7aa847a elementor-section-boxed elementor-section-height-default elementor-section-height-default\" data-id=\"7aa847a\" data-element_type=\"section\" data-e-type=\"section\" data-settings=\"{&quot;_ha_eqh_enable&quot;:false}\">\n\t\t\t\t\t\t<div class=\"elementor-container elementor-column-gap-default\">\n\t\t\t\t\t<div class=\"elementor-column elementor-col-100 elementor-inner-column elementor-element elementor-element-a7d73a4\" data-id=\"a7d73a4\" data-element_type=\"column\" data-e-type=\"column\">\n\t\t\t<div class=\"elementor-widget-wrap elementor-element-populated\">\n\t\t\t\t\t\t<div class=\"elementor-element elementor-element-58e5bae elementor-widget elementor-widget-shortcode\" data-id=\"58e5bae\" data-element_type=\"widget\" data-e-type=\"widget\" data-widget_type=\"shortcode.default\">\n\t\t\t\t<div class=\"elementor-widget-container\">\n\t\t\t\t\t\t\t<div class=\"elementor-shortcode\"><style type=\"text\/css\">\n  body #asl-storelocator.asl-cont.asl-template-0 {--sl-font-size: 13px;--sl-title-size: 15px;--sl-btn-size: 13px;--sl-primary: #21a1dc;--sl-header: #ffffff;--sl-header-color: #ffffff;--sl-infobox-color: #555d66;--sl-infobox-bg: #FFFFFF;--sl-infobox-a: #21a1dc;--sl-action-btn-color: #FFFFFF;--sl-action-btn-bg: #21a1dc;--sl-color: #555d66;--sl-list-bg: #FFFFFF;--sl-list-title: #32373c;--sl-list-sub-title: #6a6a6a;--sl-highlighted: #F7F7F7;}.asl-buttons .zoomhere {display: none !important;}.asl-p-cont .asl-print-btn,.asl-cont .asl-print-btn {display: none !important;}  #asl-storelocator.asl-cont .sl-main-cont .asl-panel.pol-lg-12 {order: 0;}\n  #asl-storelocator.asl-cont .sl-main-cont .asl-panel.pol-lg-12 .asl-panel-inner{ position: relative;height: 450px;}\n  .asl-cont .onoffswitch .onoffswitch-label .onoffswitch-switch:before {content: \"ABIERTO\" !important;}\n  .asl-cont .onoffswitch .onoffswitch-label .onoffswitch-switch:after {content: \"TODOS\" !important;}\n  @media (max-width: 767px) {\n    #asl-storelocator.asl-cont .asl-panel {order: 0;}\n  }\n  .asl-cont.sl-search-only .Filter_section + .sl-row {display: none;}\n  .asl-cont .sl-hide-branches,\n  .asl-cont .sl-hide-branches:hover {color: #FFF !important; text-decoration: none !important;cursor: pointer;}\n<\/style>\n<div id=\"asl-storelocator\" class=\"storelocator-main asl-cont asl-template-0 asl-layout-0 asl-bg-1 map-full full-width  asl-text-1\">\n  <div class=\"asl-wrapper\">\n    <div class=\"sl-container-fluid\">\n             \n      <div class=\"sl-row Filter_section\">\n          <div class=\"pol-lg-4 pol-md-5 pol-sm-12 search_filter\">\n              <label class=\"mb-2\" for=\"auto-complete-search\">ubicaci\u00f3n de b\u00fasqueda<\/label>\n              <div class=\"sl-search-group d-flex\">\n                <input type=\"text\" value=\"\" data-submit=\"disable\" id=\"auto-complete-search\" placeholder=\"Ingrese una ubicaci\u00f3n\"  class=\"asl-search-address form-control isp_ignore\">\n                <button aria-label=\"ubicaci\u00f3n de b\u00fasqueda\" title=\"ubicaci\u00f3n de b\u00fasqueda\" type=\"button\" class=\"span-geo\"><i class=\"icon-search\"><\/i><\/button>\n              <\/div>\n          <\/div>\n          <div class=\"pol-lg-8 pol-md-7 pol-sm-12\">\n            <div class=\"sl-row\">\n              <div class=\"pol-sm-12 asl-advance-filters hide\">\n                <div class=\"sl-row\">\n                                                                        <div class=\"pol-lg-4 pol-md-6 pol-sm-12 range_filter asl-ddl-filters hide\">\n                    <div class=\"rangeFilter asl-filter-cntrl\">\n                      <label for=\"asl-radius-slide\" class=\"asl-cntrl-lbl\">Rango distancia<\/label>\n                      <input id=\"asl-radius-slide\" type=\"text\" class=\"span2\" \/>\n                      <span class=\"rad-unit\">Radio: <span id=\"asl-radius-input\"><\/span> <span id=\"asl-dist-unit\">Km<\/span><\/span>\n                    <\/div>\n                  <\/div>\n                  <div class=\"pol-lg-2 pol-md-3 pol-sm-12 Status_filter\">\n                    <div class=\"asl-filter-cntrl\">\n                      <label class=\"asl-cntrl-lbl\">Estado<\/label>\n                      <div class=\"onoffswitch\">\n                        <input type=\"checkbox\" name=\"onoffswitch\" class=\"onoffswitch-checkbox\" id=\"asl-open-close\" checked>\n                        <label aria-label=\"Opened Stores\" title=\"Opened Stores\" class=\"onoffswitch-label\" for=\"asl-open-close\">\n                            <span class=\"onoffswitch-inner\"><\/span>\n                            <span class=\"onoffswitch-switch\"><\/span>\n                        <\/label>\n                      <\/div>\n                    <\/div>\n                  <\/div>\n                <\/div>\n              <\/div>\n            <\/div>\n          <\/div>\n      <\/div>\n            <div class=\"sl-row\">\n        <div class=\"pol-12\">\n            <div class=\"sl-main-cont\">\n                <div class=\"sl-row no-gutters sl-main-row\">\n                    <div id=\"asl-panel\" class=\"asl-panel pol-md-5 pol-lg-4 asl_locator-panel\">\n                        <div class=\"asl-overlay\" id=\"map-loading\">\n                            <div class=\"white\"><\/div>\n                            <div class=\"sl-loading\">\n                              <i class=\"animate-sl-spin icon-spin3\"><\/i>\n                              Cargando                            <\/div>\n                        <\/div>\n                                                <!-- list -->\n                        <div class=\"asl-panel-inner\">\n                            <div class=\"top-title Num_of_store\">\n                              <span><span class=\"sl-head-title\">Number Of Shops<\/span>: <span class=\"count-result\">0<\/span><\/span>\n                                                          <\/div>\n                            <div class=\"sl-main-cont-box\">\n                              <div id=\"asl-list\" class=\"sl-list-wrapper\">\n                                <ul id=\"p-statelist\" class=\"sl-list\">\n                                <\/ul>\n                              <\/div>\n                            <\/div>\n                        <\/div>\n\n                        <div class=\"directions-cont hide\">\n                            <div class=\"agile-modal-header\">\n                                <button type=\"button\" class=\"close\"><span aria-hidden=\"true\">\u00d7<\/span><\/button>\n                                <h4>Direcci\u00f3n de la tienda<\/h4>\n                            <\/div>\n                            <div class=\"rendered-directions\" id=\"asl-rendered-dir\" style=\"direction: ltr;\"><\/div>\n                        <\/div>\n                    <\/div>\n                    <div class=\"pol-md-7 pol-lg-8 asl-map\">\n                        <div class=\"map-image\">\n                            <div id=\"asl-map-canv\" class=\"asl-map-canv\"><\/div>\n                            <div id=\"agile-modal-direction\" class=\"agile-modal fade\">\n    <div class=\"agile-modal-backdrop-in\"><\/div>\n    <div class=\"agile-modal-dialog in\">\n        <div class=\"agile-modal-content\">\n            <div class=\"sl-form-group d-flex justify-content-between\">\n                <h4 >Como llegar<\/h4>\n                <button type=\"button\" class=\"close-directions sl-close\" data-dismiss=\"agile-modal\" aria-label=\"Close\">&times;<\/button>\n            <\/div>\n            <div class=\"sl-form-group\">\n                <label for=\"frm-lbl\">Desde:<\/label>\n                <input type=\"text\" class=\"form-control frm-place\" id=\"frm-lbl\" placeholder=\"Ingrese una ubicaci\u00f3n\">\n            <\/div>\n            <div class=\"sl-form-group\">\n                <label for=\"to-lbl\">A:<\/label>\n                <input readonly=\"true\" type=\"text\"  class=\"directions-to form-control\" id=\"to-lbl\" placeholder=\"Direcci\u00f3n de destino rellenada previamente\">\n            <\/div>\n            <div class=\"sl-form-group mb-0\">\n                <label for=\"rbtn-km\" class=\"checkbox-inline\">\n                    <input type=\"radio\" name=\"dist-type\"  id=\"rbtn-km\" value=\"0\"> Km                <\/label>\n                <label for=\"rbtn-mile\" class=\"checkbox-inline\">\n                    <input type=\"radio\" name=\"dist-type\" checked id=\"rbtn-mile\" value=\"1\"> Millas                <\/label>\n            <\/div>\n            <div class=\"sl-form-group mb-0\">\n                <button type=\"submit\" class=\"btn btn-default btn-submit\">Como llegar<\/button>\n            <\/div>\n        <\/div>\n    <\/div>\n<\/div>\n\n<div id=\"asl-geolocation-agile-modal\" class=\"agile-modal fade\">\n  <div class=\"agile-modal-backdrop-in\"><\/div>\n  <div class=\"agile-modal-dialog in\">\n    <div class=\"agile-modal-content\">\n            <div class=\"sl-form-group d-flex justify-content-between\">\n        <h5>Usar mi ubicaci\u00f3n para encontrar el proveedor de servicios m\u00e1s cercano cerca de m\u00ed<\/h5>\n        <button type=\"button\" class=\"close-directions sl-close\" data-dismiss=\"agile-modal\" aria-label=\"Close\">&times;<\/button>\n      <\/div>\n      <div class=\"sl-form-group text-center mb-0\">\n        <button type=\"button\" id=\"asl-btn-geolocation\" class=\"btn btn-block btn-default\">uso Localizaci\u00f3n<\/button>\n      <\/div>\n          <\/div>\n  <\/div>\n<\/div>\n\n<div id=\"asl-desc-agile-modal\" class=\"agile-modal fade\">\n  <div class=\"agile-modal-backdrop-in\"><\/div>\n  <div class=\"agile-modal-dialog in\">\n    <div class=\"agile-modal-content\">\n      <div class=\"sl-row\">\n        <div class=\"pol-md-12\">\n          <div class=\"sl-form-group d-flex justify-content-between\">\n            <h4 class=\"sl-title\">Description<\/h4>\n            <button type=\"button\" class=\"close-directions sl-close\" data-dismiss=\"agile-modal\" aria-label=\"Close\">&times;<\/button>\n          <\/div>\n          <div class=\"sl-desc\"><\/div>\n        <\/div>\n      <\/div>\n    <\/div>\n  <\/div>\n<\/div>                        <\/div>\n                    <\/div>\n                <\/div>\n            <\/div>\n        <\/div>\n      <\/div>\n    <\/div>\n      <\/div>\n<\/div>\n<!-- This plugin is developed by \"Agile Store Locator for WordPress\" https:\/\/agilestorelocator.com --><\/div>\n\t\t\t\t\t\t<\/div>\n\t\t\t\t<\/div>\n\t\t\t\t<div class=\"elementor-element elementor-element-e6032fc elementor-widget elementor-widget-html\" data-id=\"e6032fc\" data-element_type=\"widget\" data-e-type=\"widget\" data-widget_type=\"html.default\">\n\t\t\t\t<div class=\"elementor-widget-container\">\n\t\t\t\t\t<script>document.addEventListener(\"DOMContentLoaded\", function () {\r\n  const searchInput = document.querySelector('.Filter_section input');\r\n  const searchButton = document.querySelector('.span-geo');\r\n\r\n  function showMapSection() {\r\n    document.body.classList.add('search-active');\r\n    const mapRow = document.querySelector('.sl-main-row');\r\n    if (mapRow) {\r\n      mapRow.scrollIntoView({ behavior: \"smooth\" });\r\n    }\r\n  }\r\n\r\n  if (searchInput) {\r\n    searchInput.addEventListener(\"keypress\", function (e) {\r\n      if (e.key === \"Enter\") {\r\n        e.preventDefault();\r\n        showMapSection();\r\n      }\r\n    });\r\n  }\r\n\r\n  if (searchButton) {\r\n    searchButton.addEventListener(\"click\", function (e) {\r\n      e.preventDefault();\r\n      showMapSection();\r\n    });\r\n  }\r\n});\r\n<\/script>\t\t\t\t<\/div>\n\t\t\t\t<\/div>\n\t\t\t\t\t<\/div>\n\t\t<\/div>\n\t\t\t\t\t<\/div>\n\t\t<\/section>\n\t\t\t\t\t<\/div>\n\t\t<\/div>\n\t\t\t\t\t<\/div>\n\t\t<\/section>\n\t\t\t\t<\/div>\n\t\t","protected":false},"excerpt":{"rendered":"<p>ENCUENTRA TU CURSO \u00abENCUENTRA TU CLASE PERFECTA CERCA DE TI Y SUM\u00c9RGETE EN EL MUNDO DEL HIP HOP DE STARMOVES\u00bb [&hellip;]<\/p>\n","protected":false},"author":1,"featured_media":0,"parent":0,"menu_order":0,"comment_status":"closed","ping_status":"closed","template":"","meta":{"_monsterinsights_skip_tracking":false,"_monsterinsights_sitenote_active":false,"_monsterinsights_sitenote_note":"","_monsterinsights_sitenote_category":0,"_uf_show_specific_survey":0,"_uf_disable_surveys":false,"site-sidebar-layout":"no-sidebar","site-content-layout":"","ast-site-content-layout":"full-width-container","site-content-style":"default","site-sidebar-style":"default","ast-global-header-display":"","ast-banner-title-visibility":"","ast-main-header-display":"","ast-hfb-above-header-display":"","ast-hfb-below-header-display":"","ast-hfb-mobile-header-display":"","site-post-title":"disabled","ast-breadcrumbs-content":"","ast-featured-img":"disabled","footer-sml-layout":"","ast-disable-related-posts":"","theme-transparent-header-meta":"","adv-header-id-meta":"","stick-header-meta":"","header-above-stick-meta":"","header-main-stick-meta":"","header-below-stick-meta":"","astra-migrate-meta-layouts":"default","ast-page-background-enabled":"default","ast-page-background-meta":{"desktop":{"background-color":"var(--ast-global-color-5)","background-image":"","background-repeat":"repeat","background-position":"center center","background-size":"auto","background-attachment":"scroll","background-type":"","background-media":"","overlay-type":"","overlay-color":"","overlay-opacity":"","overlay-gradient":""},"tablet":{"background-color":"","background-image":"","background-repeat":"repeat","background-position":"center center","background-size":"auto","background-attachment":"scroll","background-type":"","background-media":"","overlay-type":"","overlay-color":"","overlay-opacity":"","overlay-gradient":""},"mobile":{"background-color":"","background-image":"","background-repeat":"repeat","background-position":"center center","background-size":"auto","background-attachment":"scroll","background-type":"","background-media":"","overlay-type":"","overlay-color":"","overlay-opacity":"","overlay-gradient":""}},"ast-content-background-meta":{"desktop":{"background-color":"var(--ast-global-color-4)","background-image":"","background-repeat":"repeat","background-position":"center center","background-size":"auto","background-attachment":"scroll","background-type":"","background-media":"","overlay-type":"","overlay-color":"","overlay-opacity":"","overlay-gradient":""},"tablet":{"background-color":"var(--ast-global-color-4)","background-image":"","background-repeat":"repeat","background-position":"center center","background-size":"auto","background-attachment":"scroll","background-type":"","background-media":"","overlay-type":"","overlay-color":"","overlay-opacity":"","overlay-gradient":""},"mobile":{"background-color":"var(--ast-global-color-4)","background-image":"","background-repeat":"repeat","background-position":"center center","background-size":"auto","background-attachment":"scroll","background-type":"","background-media":"","overlay-type":"","overlay-color":"","overlay-opacity":"","overlay-gradient":""}},"footnotes":""},"class_list":["post-4454","page","type-page","status-publish","hentry"],"_links":{"self":[{"href":"https:\/\/www.starmoves.net\/es\/wp-json\/wp\/v2\/pages\/4454","targetHints":{"allow":["GET"]}}],"collection":[{"href":"https:\/\/www.starmoves.net\/es\/wp-json\/wp\/v2\/pages"}],"about":[{"href":"https:\/\/www.starmoves.net\/es\/wp-json\/wp\/v2\/types\/page"}],"author":[{"embeddable":true,"href":"https:\/\/www.starmoves.net\/es\/wp-json\/wp\/v2\/users\/1"}],"replies":[{"embeddable":true,"href":"https:\/\/www.starmoves.net\/es\/wp-json\/wp\/v2\/comments?post=4454"}],"version-history":[{"count":1,"href":"https:\/\/www.starmoves.net\/es\/wp-json\/wp\/v2\/pages\/4454\/revisions"}],"predecessor-version":[{"id":4457,"href":"https:\/\/www.starmoves.net\/es\/wp-json\/wp\/v2\/pages\/4454\/revisions\/4457"}],"wp:attachment":[{"href":"https:\/\/www.starmoves.net\/es\/wp-json\/wp\/v2\/media?parent=4454"}],"curies":[{"name":"wp","href":"https:\/\/api.w.org\/{rel}","templated":true}]}}