{"id":4582,"date":"2025-06-22T09:04:19","date_gmt":"2025-06-22T09:04:19","guid":{"rendered":"https:\/\/www.starmoves.net\/liga-de-maestros-del-dancehall\/"},"modified":"2025-07-14T12:30:20","modified_gmt":"2025-07-14T12:30:20","slug":"liga-de-maestros-del-dancehall","status":"publish","type":"page","link":"https:\/\/www.starmoves.net\/es\/liga-de-maestros-del-dancehall\/","title":{"rendered":"LIGA DE MAESTROS DEL DANCEHALL"},"content":{"rendered":"\t\t<div data-elementor-type=\"wp-page\" data-elementor-id=\"4582\" class=\"elementor elementor-4582 elementor-1161\" data-elementor-settings=\"{&quot;ha_cmc_init_switcher&quot;:&quot;no&quot;}\" data-elementor-post-type=\"page\">\n\t\t\t\t\t\t<section class=\"elementor-section elementor-top-section elementor-element elementor-element-bb6fdf0 elementor-section-height-min-height elementor-section-boxed elementor-section-height-default elementor-section-items-middle\" data-id=\"bb6fdf0\" data-element_type=\"section\" data-e-type=\"section\" data-settings=\"{&quot;background_background&quot;:&quot;classic&quot;,&quot;_ha_eqh_enable&quot;:false}\">\n\t\t\t\t\t\t<div class=\"elementor-container elementor-column-gap-default\">\n\t\t\t\t\t<div class=\"elementor-column elementor-col-100 elementor-top-column elementor-element elementor-element-e3bad9e\" data-id=\"e3bad9e\" data-element_type=\"column\" data-e-type=\"column\">\n\t\t\t<div class=\"elementor-widget-wrap\">\n\t\t\t\t\t\t\t<\/div>\n\t\t<\/div>\n\t\t\t\t\t<\/div>\n\t\t<\/section>\n\t\t\t\t<section class=\"elementor-section elementor-top-section elementor-element elementor-element-afe503a elementor-section-boxed elementor-section-height-default elementor-section-height-default\" data-id=\"afe503a\" data-element_type=\"section\" data-e-type=\"section\" data-settings=\"{&quot;background_background&quot;:&quot;classic&quot;,&quot;_ha_eqh_enable&quot;:false}\">\n\t\t\t\t\t\t<div class=\"elementor-container elementor-column-gap-default\">\n\t\t\t\t\t<div class=\"elementor-column elementor-col-100 elementor-top-column elementor-element elementor-element-afbd38e\" data-id=\"afbd38e\" data-element_type=\"column\" data-e-type=\"column\">\n\t\t\t<div class=\"elementor-widget-wrap elementor-element-populated\">\n\t\t\t\t\t\t<div class=\"elementor-element elementor-element-8b0ba67 elementor-widget elementor-widget-image\" data-id=\"8b0ba67\" data-element_type=\"widget\" data-e-type=\"widget\" data-widget_type=\"image.default\">\n\t\t\t\t<div class=\"elementor-widget-container\">\n\t\t\t\t\t\t\t\t\t\t\t\t\t\t\t<img fetchpriority=\"high\" decoding=\"async\" width=\"400\" height=\"400\" src=\"https:\/\/www.starmoves.net\/wp-content\/uploads\/2025\/06\/image-2025-06-19T182522.997.webp\" class=\"attachment-full size-full wp-image-4621\" alt=\"\" srcset=\"https:\/\/www.starmoves.net\/wp-content\/uploads\/2025\/06\/image-2025-06-19T182522.997.webp 400w, https:\/\/www.starmoves.net\/wp-content\/uploads\/2025\/06\/image-2025-06-19T182522.997-300x300.webp 300w, https:\/\/www.starmoves.net\/wp-content\/uploads\/2025\/06\/image-2025-06-19T182522.997-150x150.webp 150w\" sizes=\"(max-width: 400px) 100vw, 400px\" \/>\t\t\t\t\t\t\t\t\t\t\t\t\t\t\t<\/div>\n\t\t\t\t<\/div>\n\t\t\t\t<div class=\"elementor-element elementor-element-867050c elementor-widget elementor-widget-heading\" data-id=\"867050c\" data-element_type=\"widget\" data-e-type=\"widget\" data-widget_type=\"heading.default\">\n\t\t\t\t<div class=\"elementor-widget-container\">\n\t\t\t\t\t<h2 class=\"elementor-heading-title elementor-size-default\">\"Desde la primera vibraci\u00f3n hasta los hot steppers: experimenta tu viaje por el dancehall\".<\/h2>\t\t\t\t<\/div>\n\t\t\t\t<\/div>\n\t\t\t\t<div class=\"elementor-element elementor-element-b7748c5 elementor-widget elementor-widget-text-editor\" data-id=\"b7748c5\" data-element_type=\"widget\" data-e-type=\"widget\" data-widget_type=\"text-editor.default\">\n\t\t\t\t<div class=\"elementor-widget-container\">\n\t\t\t\t\t\t\t\t\t<div id=\"\" class=\"brz-css-632ubk brz-css-k1pu9 brz-wrapper\"><div class=\"brz-rich-text brz-rich-text__custom brz-css-xemmvu brz-css-xufyj\" data-brz-custom-id=\"xXD9077qKlNW\"><div data-brz-translate-text=\"1\"><p data-start=\"104\" data-end=\"209\">El Starmoves Dancehall College lleva la energ\u00eda y la cultura de Jamaica a las escuelas de baile de forma estructurada, con un sistema de 5 niveles para adolescentes y adultos avanzados. De la vieja a la nueva escuela, los bailarines experimentan comprensi\u00f3n musical, profundidad cultural y aut\u00e9nticas vibraciones. El sistema motiva, fomenta el crecimiento personal y ense\u00f1a dancehall con respeto, sofisticaci\u00f3n y estilo callejero.  <\/p><\/div><\/div><\/div>\t\t\t\t\t\t\t\t<\/div>\n\t\t\t\t<\/div>\n\t\t\t\t\t<\/div>\n\t\t<\/div>\n\t\t\t\t\t<\/div>\n\t\t<\/section>\n\t\t\t\t<section class=\"elementor-section elementor-top-section elementor-element elementor-element-ee5724c elementor-section-boxed elementor-section-height-default elementor-section-height-default\" data-id=\"ee5724c\" data-element_type=\"section\" data-e-type=\"section\" data-settings=\"{&quot;_ha_eqh_enable&quot;:false}\">\n\t\t\t\t\t\t<div class=\"elementor-container elementor-column-gap-default\">\n\t\t\t\t\t<div class=\"elementor-column elementor-col-50 elementor-top-column elementor-element elementor-element-42ea0bb\" data-id=\"42ea0bb\" data-element_type=\"column\" data-e-type=\"column\">\n\t\t\t<div class=\"elementor-widget-wrap elementor-element-populated\">\n\t\t\t\t\t\t<div class=\"elementor-element elementor-element-6d3940c elementor-widget elementor-widget-image\" data-id=\"6d3940c\" data-element_type=\"widget\" data-e-type=\"widget\" data-widget_type=\"image.default\">\n\t\t\t\t<div class=\"elementor-widget-container\">\n\t\t\t\t\t\t\t\t\t\t\t\t\t\t\t<img decoding=\"async\" width=\"321\" height=\"321\" src=\"https:\/\/www.starmoves.net\/wp-content\/uploads\/2025\/06\/ImageDownloader_ilogoyou.de_sm_dh_rider-321x321x0x0x321x321x1749557876.png\" class=\"attachment-full size-full wp-image-4586\" alt=\"\" srcset=\"https:\/\/www.starmoves.net\/wp-content\/uploads\/2025\/06\/ImageDownloader_ilogoyou.de_sm_dh_rider-321x321x0x0x321x321x1749557876.png 321w, https:\/\/www.starmoves.net\/wp-content\/uploads\/2025\/06\/ImageDownloader_ilogoyou.de_sm_dh_rider-321x321x0x0x321x321x1749557876-300x300.png 300w, https:\/\/www.starmoves.net\/wp-content\/uploads\/2025\/06\/ImageDownloader_ilogoyou.de_sm_dh_rider-321x321x0x0x321x321x1749557876-150x150.png 150w\" sizes=\"(max-width: 321px) 100vw, 321px\" \/>\t\t\t\t\t\t\t\t\t\t\t\t\t\t\t<\/div>\n\t\t\t\t<\/div>\n\t\t\t\t\t<\/div>\n\t\t<\/div>\n\t\t\t\t<div class=\"elementor-column elementor-col-50 elementor-top-column elementor-element elementor-element-54e541e\" data-id=\"54e541e\" data-element_type=\"column\" data-e-type=\"column\">\n\t\t\t<div class=\"elementor-widget-wrap elementor-element-populated\">\n\t\t\t\t\t\t<div class=\"elementor-element elementor-element-1b42de6 elementor-widget elementor-widget-heading\" data-id=\"1b42de6\" data-element_type=\"widget\" data-e-type=\"widget\" data-widget_type=\"heading.default\">\n\t\t\t\t<div class=\"elementor-widget-container\">\n\t\t\t\t\t<h2 class=\"elementor-heading-title elementor-size-default\">JINETE RIDDIM NIVEL 1<\/h2>\t\t\t\t<\/div>\n\t\t\t\t<\/div>\n\t\t\t\t<div class=\"elementor-element elementor-element-ee3fdad elementor-widget elementor-widget-text-editor\" data-id=\"ee3fdad\" data-element_type=\"widget\" data-e-type=\"widget\" data-widget_type=\"text-editor.default\">\n\t\t\t\t<div class=\"elementor-widget-container\">\n\t\t\t\t\t\t\t\t\t<p><span class=\"brz-cp-color7\">Te has subido a la tabla del dancehall y ahora est\u00e1s en la onda. Como \u00abriddim rider\u00bb empiezas a sentir lo b\u00e1sico: los movimientos ic\u00f3nicos y los ritmos palpitantes que conforman la esencia del dancehall. Est\u00e1s al principio de tu viaje, tu cuerpo encuentra el ritmo y el comp\u00e1s te atrae cada vez m\u00e1s. Es m\u00e1s que bailar: es una forma de vida.   <\/span><\/p>\t\t\t\t\t\t\t\t<\/div>\n\t\t\t\t<\/div>\n\t\t\t\t\t<\/div>\n\t\t<\/div>\n\t\t\t\t\t<\/div>\n\t\t<\/section>\n\t\t\t\t<section class=\"elementor-section elementor-top-section elementor-element elementor-element-b3a2eb1 elementor-reverse-mobile elementor-section-boxed elementor-section-height-default elementor-section-height-default\" data-id=\"b3a2eb1\" data-element_type=\"section\" data-e-type=\"section\" data-settings=\"{&quot;background_background&quot;:&quot;classic&quot;,&quot;_ha_eqh_enable&quot;:false}\">\n\t\t\t\t\t\t<div class=\"elementor-container elementor-column-gap-default\">\n\t\t\t\t\t<div class=\"elementor-column elementor-col-50 elementor-top-column elementor-element elementor-element-0eb739f\" data-id=\"0eb739f\" data-element_type=\"column\" data-e-type=\"column\">\n\t\t\t<div class=\"elementor-widget-wrap elementor-element-populated\">\n\t\t\t\t\t\t<div class=\"elementor-element elementor-element-d00d301 elementor-widget elementor-widget-heading\" data-id=\"d00d301\" data-element_type=\"widget\" data-e-type=\"widget\" data-widget_type=\"heading.default\">\n\t\t\t\t<div class=\"elementor-widget-container\">\n\t\t\t\t\t<h2 class=\"elementor-heading-title elementor-size-default\">NIVEL 2 ZAGA MOVER<\/h2>\t\t\t\t<\/div>\n\t\t\t\t<\/div>\n\t\t\t\t<div class=\"elementor-element elementor-element-6f1a16d elementor-widget elementor-widget-text-editor\" data-id=\"6f1a16d\" data-element_type=\"widget\" data-e-type=\"widget\" data-widget_type=\"text-editor.default\">\n\t\t\t\t<div class=\"elementor-widget-container\">\n\t\t\t\t\t\t\t\t\t<p><span class=\"brz-cp-color8\">Ya no eres s\u00f3lo un seguidor, te conviertes en un \u00abZaga Mover\u00bb. Los movimientos se vuelven m\u00e1s complejos, tu flujo m\u00e1s fluido y sientes las ra\u00edces del dancehall en cada movimiento. Combinas la t\u00e9cnica con el sentimiento, desarrollas tu propia vibraci\u00f3n y empiezas a destacar con tu estilo. El dancehall te llama, y t\u00fa respondes con energ\u00eda y pasi\u00f3n.   <\/span><\/p>\t\t\t\t\t\t\t\t<\/div>\n\t\t\t\t<\/div>\n\t\t\t\t\t<\/div>\n\t\t<\/div>\n\t\t\t\t<div class=\"elementor-column elementor-col-50 elementor-top-column elementor-element elementor-element-6883a9b\" data-id=\"6883a9b\" data-element_type=\"column\" data-e-type=\"column\">\n\t\t\t<div class=\"elementor-widget-wrap elementor-element-populated\">\n\t\t\t\t\t\t<div class=\"elementor-element elementor-element-9f70aa8 elementor-widget elementor-widget-image\" data-id=\"9f70aa8\" data-element_type=\"widget\" data-e-type=\"widget\" data-widget_type=\"image.default\">\n\t\t\t\t<div class=\"elementor-widget-container\">\n\t\t\t\t\t\t\t\t\t\t\t\t\t\t\t<img decoding=\"async\" width=\"321\" height=\"321\" src=\"https:\/\/www.starmoves.net\/wp-content\/uploads\/2025\/06\/ImageDownloader_ilogoyou.de_sm_dh_mover-321x321x0x0x321x321x1749557877.png\" class=\"attachment-full size-full wp-image-4583\" alt=\"\" srcset=\"https:\/\/www.starmoves.net\/wp-content\/uploads\/2025\/06\/ImageDownloader_ilogoyou.de_sm_dh_mover-321x321x0x0x321x321x1749557877.png 321w, https:\/\/www.starmoves.net\/wp-content\/uploads\/2025\/06\/ImageDownloader_ilogoyou.de_sm_dh_mover-321x321x0x0x321x321x1749557877-300x300.png 300w, https:\/\/www.starmoves.net\/wp-content\/uploads\/2025\/06\/ImageDownloader_ilogoyou.de_sm_dh_mover-321x321x0x0x321x321x1749557877-150x150.png 150w\" sizes=\"(max-width: 321px) 100vw, 321px\" \/>\t\t\t\t\t\t\t\t\t\t\t\t\t\t\t<\/div>\n\t\t\t\t<\/div>\n\t\t\t\t\t<\/div>\n\t\t<\/div>\n\t\t\t\t\t<\/div>\n\t\t<\/section>\n\t\t\t\t<section class=\"elementor-section elementor-top-section elementor-element elementor-element-0068f46 elementor-section-boxed elementor-section-height-default elementor-section-height-default\" data-id=\"0068f46\" data-element_type=\"section\" data-e-type=\"section\" data-settings=\"{&quot;_ha_eqh_enable&quot;:false}\">\n\t\t\t\t\t\t<div class=\"elementor-container elementor-column-gap-default\">\n\t\t\t\t\t<div class=\"elementor-column elementor-col-50 elementor-top-column elementor-element elementor-element-269fd4b\" data-id=\"269fd4b\" data-element_type=\"column\" data-e-type=\"column\">\n\t\t\t<div class=\"elementor-widget-wrap elementor-element-populated\">\n\t\t\t\t\t\t<div class=\"elementor-element elementor-element-e83f1b9 elementor-widget elementor-widget-image\" data-id=\"e83f1b9\" data-element_type=\"widget\" data-e-type=\"widget\" data-widget_type=\"image.default\">\n\t\t\t\t<div class=\"elementor-widget-container\">\n\t\t\t\t\t\t\t\t\t\t\t\t\t\t\t<img loading=\"lazy\" decoding=\"async\" width=\"321\" height=\"321\" src=\"https:\/\/www.starmoves.net\/wp-content\/uploads\/2025\/06\/ImageDownloader_ilogoyou.de_sm_dh_flexer-321x321x0x0x321x321x1749557877.png\" class=\"attachment-full size-full wp-image-4585\" alt=\"\" srcset=\"https:\/\/www.starmoves.net\/wp-content\/uploads\/2025\/06\/ImageDownloader_ilogoyou.de_sm_dh_flexer-321x321x0x0x321x321x1749557877.png 321w, https:\/\/www.starmoves.net\/wp-content\/uploads\/2025\/06\/ImageDownloader_ilogoyou.de_sm_dh_flexer-321x321x0x0x321x321x1749557877-300x300.png 300w, https:\/\/www.starmoves.net\/wp-content\/uploads\/2025\/06\/ImageDownloader_ilogoyou.de_sm_dh_flexer-321x321x0x0x321x321x1749557877-150x150.png 150w\" sizes=\"(max-width: 321px) 100vw, 321px\" \/>\t\t\t\t\t\t\t\t\t\t\t\t\t\t\t<\/div>\n\t\t\t\t<\/div>\n\t\t\t\t\t<\/div>\n\t\t<\/div>\n\t\t\t\t<div class=\"elementor-column elementor-col-50 elementor-top-column elementor-element elementor-element-d92e302\" data-id=\"d92e302\" data-element_type=\"column\" data-e-type=\"column\">\n\t\t\t<div class=\"elementor-widget-wrap elementor-element-populated\">\n\t\t\t\t\t\t<div class=\"elementor-element elementor-element-e11db25 elementor-widget elementor-widget-heading\" data-id=\"e11db25\" data-element_type=\"widget\" data-e-type=\"widget\" data-widget_type=\"heading.default\">\n\t\t\t\t<div class=\"elementor-widget-container\">\n\t\t\t\t\t<h2 class=\"elementor-heading-title elementor-size-default\">FLEXIONADOR LOCO NIVEL 3<\/h2>\t\t\t\t<\/div>\n\t\t\t\t<\/div>\n\t\t\t\t<div class=\"elementor-element elementor-element-bac9549 elementor-widget elementor-widget-text-editor\" data-id=\"bac9549\" data-element_type=\"widget\" data-e-type=\"widget\" data-widget_type=\"text-editor.default\">\n\t\t\t\t<div class=\"elementor-widget-container\">\n\t\t\t\t\t\t\t\t\t<p><span class=\"brz-cp-color7\">Ahora la cosa se pone seria: eres un \u00abMad Flexer\u00bb. Tus movimientos son pulidos, tu estilo explota. Experimentas con pasos de la vieja, media y nueva escuela y pones en juego tu propio color. Tu lenguaje de baile ya no es s\u00f3lo movimiento, es expresi\u00f3n. El dancehall vive en ti, y t\u00fa vives para el dancehall.    <\/span><\/p>\t\t\t\t\t\t\t\t<\/div>\n\t\t\t\t<\/div>\n\t\t\t\t\t<\/div>\n\t\t<\/div>\n\t\t\t\t\t<\/div>\n\t\t<\/section>\n\t\t\t\t<section class=\"elementor-section elementor-top-section elementor-element elementor-element-d20d82f elementor-reverse-mobile elementor-section-boxed elementor-section-height-default elementor-section-height-default\" data-id=\"d20d82f\" data-element_type=\"section\" data-e-type=\"section\" data-settings=\"{&quot;background_background&quot;:&quot;classic&quot;,&quot;_ha_eqh_enable&quot;:false}\">\n\t\t\t\t\t\t<div class=\"elementor-container elementor-column-gap-default\">\n\t\t\t\t\t<div class=\"elementor-column elementor-col-50 elementor-top-column elementor-element elementor-element-ab4deb2\" data-id=\"ab4deb2\" data-element_type=\"column\" data-e-type=\"column\">\n\t\t\t<div class=\"elementor-widget-wrap elementor-element-populated\">\n\t\t\t\t\t\t<div class=\"elementor-element elementor-element-37bc153 elementor-widget elementor-widget-heading\" data-id=\"37bc153\" data-element_type=\"widget\" data-e-type=\"widget\" data-widget_type=\"heading.default\">\n\t\t\t\t<div class=\"elementor-widget-container\">\n\t\t\t\t\t<h2 class=\"elementor-heading-title elementor-size-default\">GORILA SHOTTA NIVEL 4<\/h2>\t\t\t\t<\/div>\n\t\t\t\t<\/div>\n\t\t\t\t<div class=\"elementor-element elementor-element-d5d45fc elementor-widget elementor-widget-text-editor\" data-id=\"d5d45fc\" data-element_type=\"widget\" data-e-type=\"widget\" data-widget_type=\"text-editor.default\">\n\t\t\t\t<div class=\"elementor-widget-container\">\n\t\t\t\t\t\t\t\t\t<p><span class=\"brz-cp-color8\">Como \u00abShotta Bouncer\u00bb, eres un manojo de energ\u00eda que nunca da un paso en falso. Tu estilo es preciso, tu potencia electrizante. Hechizas a la multitud. Inspiras a otros bailarines con tu entrega y demuestras tu amor por la cultura dancehall. No eres s\u00f3lo un bailar\u00edn: eres un l\u00edder en la pista de baile.    <\/span><\/p>\t\t\t\t\t\t\t\t<\/div>\n\t\t\t\t<\/div>\n\t\t\t\t\t<\/div>\n\t\t<\/div>\n\t\t\t\t<div class=\"elementor-column elementor-col-50 elementor-top-column elementor-element elementor-element-201fb58\" data-id=\"201fb58\" data-element_type=\"column\" data-e-type=\"column\">\n\t\t\t<div class=\"elementor-widget-wrap elementor-element-populated\">\n\t\t\t\t\t\t<div class=\"elementor-element elementor-element-970a14c elementor-widget elementor-widget-image\" data-id=\"970a14c\" data-element_type=\"widget\" data-e-type=\"widget\" data-widget_type=\"image.default\">\n\t\t\t\t<div class=\"elementor-widget-container\">\n\t\t\t\t\t\t\t\t\t\t\t\t\t\t\t<img loading=\"lazy\" decoding=\"async\" width=\"321\" height=\"321\" src=\"https:\/\/www.starmoves.net\/wp-content\/uploads\/2025\/07\/Shotta-Bouncer.png\" class=\"attachment-full size-full wp-image-4904\" alt=\"\" srcset=\"https:\/\/www.starmoves.net\/wp-content\/uploads\/2025\/07\/Shotta-Bouncer.png 321w, https:\/\/www.starmoves.net\/wp-content\/uploads\/2025\/07\/Shotta-Bouncer-300x300.png 300w, https:\/\/www.starmoves.net\/wp-content\/uploads\/2025\/07\/Shotta-Bouncer-150x150.png 150w\" sizes=\"(max-width: 321px) 100vw, 321px\" \/>\t\t\t\t\t\t\t\t\t\t\t\t\t\t\t<\/div>\n\t\t\t\t<\/div>\n\t\t\t\t\t<\/div>\n\t\t<\/div>\n\t\t\t\t\t<\/div>\n\t\t<\/section>\n\t\t\t\t<section class=\"elementor-section elementor-top-section elementor-element elementor-element-8926bcb elementor-section-boxed elementor-section-height-default elementor-section-height-default\" data-id=\"8926bcb\" data-element_type=\"section\" data-e-type=\"section\" data-settings=\"{&quot;_ha_eqh_enable&quot;:false}\">\n\t\t\t\t\t\t<div class=\"elementor-container elementor-column-gap-default\">\n\t\t\t\t\t<div class=\"elementor-column elementor-col-50 elementor-top-column elementor-element elementor-element-81e290c\" data-id=\"81e290c\" data-element_type=\"column\" data-e-type=\"column\">\n\t\t\t<div class=\"elementor-widget-wrap elementor-element-populated\">\n\t\t\t\t\t\t<div class=\"elementor-element elementor-element-ff0aa7e elementor-widget elementor-widget-image\" data-id=\"ff0aa7e\" data-element_type=\"widget\" data-e-type=\"widget\" data-widget_type=\"image.default\">\n\t\t\t\t<div class=\"elementor-widget-container\">\n\t\t\t\t\t\t\t\t\t\t\t\t\t\t\t<img loading=\"lazy\" decoding=\"async\" width=\"321\" height=\"321\" src=\"https:\/\/www.starmoves.net\/wp-content\/uploads\/2025\/07\/hot_stepper.png\" class=\"attachment-full size-full wp-image-4909\" alt=\"\" srcset=\"https:\/\/www.starmoves.net\/wp-content\/uploads\/2025\/07\/hot_stepper.png 321w, https:\/\/www.starmoves.net\/wp-content\/uploads\/2025\/07\/hot_stepper-300x300.png 300w, https:\/\/www.starmoves.net\/wp-content\/uploads\/2025\/07\/hot_stepper-150x150.png 150w\" sizes=\"(max-width: 321px) 100vw, 321px\" \/>\t\t\t\t\t\t\t\t\t\t\t\t\t\t\t<\/div>\n\t\t\t\t<\/div>\n\t\t\t\t\t<\/div>\n\t\t<\/div>\n\t\t\t\t<div class=\"elementor-column elementor-col-50 elementor-top-column elementor-element elementor-element-6c34fc2\" data-id=\"6c34fc2\" data-element_type=\"column\" data-e-type=\"column\">\n\t\t\t<div class=\"elementor-widget-wrap elementor-element-populated\">\n\t\t\t\t\t\t<div class=\"elementor-element elementor-element-8577dd2 elementor-widget elementor-widget-heading\" data-id=\"8577dd2\" data-element_type=\"widget\" data-e-type=\"widget\" data-widget_type=\"heading.default\">\n\t\t\t\t<div class=\"elementor-widget-container\">\n\t\t\t\t\t<h2 class=\"elementor-heading-title elementor-size-default\">STEPPER CALIENTE NIVEL 5<\/h2>\t\t\t\t<\/div>\n\t\t\t\t<\/div>\n\t\t\t\t<div class=\"elementor-element elementor-element-766f231 elementor-widget elementor-widget-text-editor\" data-id=\"766f231\" data-element_type=\"widget\" data-e-type=\"widget\" data-widget_type=\"text-editor.default\">\n\t\t\t\t<div class=\"elementor-widget-container\">\n\t\t\t\t\t\t\t\t\t<p><span class=\"brz-cp-color7\">Ahora has llegado al trono: eres un \u00abescalador caliente\u00bb. Tu nombre lo dice todo y tus habilidades no tienen rival. Haces arder el escenario, vives la cultura con cada fibra, y tus movimientos cuentan historias. Tus habilidades no son s\u00f3lo una declaraci\u00f3n, son un legado. Ahora te toca a ti impulsar a la pr\u00f3xima generaci\u00f3n y transmitir el esp\u00edritu del dancehall.    <\/span><\/p>\t\t\t\t\t\t\t\t<\/div>\n\t\t\t\t<\/div>\n\t\t\t\t\t<\/div>\n\t\t<\/div>\n\t\t\t\t\t<\/div>\n\t\t<\/section>\n\t\t\t\t<\/div>\n\t\t","protected":false},"excerpt":{"rendered":"<p>\u00abDesde la primera vibraci\u00f3n hasta los hot steppers: experimenta tu viaje por el dancehall\u00bb. El Starmoves Dancehall College lleva la [&hellip;]<\/p>\n","protected":false},"author":1,"featured_media":0,"parent":0,"menu_order":0,"comment_status":"closed","ping_status":"closed","template":"","meta":{"_monsterinsights_skip_tracking":false,"_monsterinsights_sitenote_active":false,"_monsterinsights_sitenote_note":"","_monsterinsights_sitenote_category":0,"_uf_show_specific_survey":0,"_uf_disable_surveys":false,"site-sidebar-layout":"no-sidebar","site-content-layout":"","ast-site-content-layout":"full-width-container","site-content-style":"default","site-sidebar-style":"default","ast-global-header-display":"","ast-banner-title-visibility":"","ast-main-header-display":"","ast-hfb-above-header-display":"","ast-hfb-below-header-display":"","ast-hfb-mobile-header-display":"","site-post-title":"disabled","ast-breadcrumbs-content":"","ast-featured-img":"disabled","footer-sml-layout":"","ast-disable-related-posts":"","theme-transparent-header-meta":"","adv-header-id-meta":"","stick-header-meta":"","header-above-stick-meta":"","header-main-stick-meta":"","header-below-stick-meta":"","astra-migrate-meta-layouts":"default","ast-page-background-enabled":"default","ast-page-background-meta":{"desktop":{"background-color":"var(--ast-global-color-5)","background-image":"","background-repeat":"repeat","background-position":"center center","background-size":"auto","background-attachment":"scroll","background-type":"","background-media":"","overlay-type":"","overlay-color":"","overlay-opacity":"","overlay-gradient":""},"tablet":{"background-color":"","background-image":"","background-repeat":"repeat","background-position":"center center","background-size":"auto","background-attachment":"scroll","background-type":"","background-media":"","overlay-type":"","overlay-color":"","overlay-opacity":"","overlay-gradient":""},"mobile":{"background-color":"","background-image":"","background-repeat":"repeat","background-position":"center center","background-size":"auto","background-attachment":"scroll","background-type":"","background-media":"","overlay-type":"","overlay-color":"","overlay-opacity":"","overlay-gradient":""}},"ast-content-background-meta":{"desktop":{"background-color":"var(--ast-global-color-4)","background-image":"","background-repeat":"repeat","background-position":"center center","background-size":"auto","background-attachment":"scroll","background-type":"","background-media":"","overlay-type":"","overlay-color":"","overlay-opacity":"","overlay-gradient":""},"tablet":{"background-color":"var(--ast-global-color-4)","background-image":"","background-repeat":"repeat","background-position":"center center","background-size":"auto","background-attachment":"scroll","background-type":"","background-media":"","overlay-type":"","overlay-color":"","overlay-opacity":"","overlay-gradient":""},"mobile":{"background-color":"var(--ast-global-color-4)","background-image":"","background-repeat":"repeat","background-position":"center center","background-size":"auto","background-attachment":"scroll","background-type":"","background-media":"","overlay-type":"","overlay-color":"","overlay-opacity":"","overlay-gradient":""}},"footnotes":""},"class_list":["post-4582","page","type-page","status-publish","hentry"],"_links":{"self":[{"href":"https:\/\/www.starmoves.net\/es\/wp-json\/wp\/v2\/pages\/4582","targetHints":{"allow":["GET"]}}],"collection":[{"href":"https:\/\/www.starmoves.net\/es\/wp-json\/wp\/v2\/pages"}],"about":[{"href":"https:\/\/www.starmoves.net\/es\/wp-json\/wp\/v2\/types\/page"}],"author":[{"embeddable":true,"href":"https:\/\/www.starmoves.net\/es\/wp-json\/wp\/v2\/users\/1"}],"replies":[{"embeddable":true,"href":"https:\/\/www.starmoves.net\/es\/wp-json\/wp\/v2\/comments?post=4582"}],"version-history":[{"count":2,"href":"https:\/\/www.starmoves.net\/es\/wp-json\/wp\/v2\/pages\/4582\/revisions"}],"predecessor-version":[{"id":4914,"href":"https:\/\/www.starmoves.net\/es\/wp-json\/wp\/v2\/pages\/4582\/revisions\/4914"}],"wp:attachment":[{"href":"https:\/\/www.starmoves.net\/es\/wp-json\/wp\/v2\/media?parent=4582"}],"curies":[{"name":"wp","href":"https:\/\/api.w.org\/{rel}","templated":true}]}}