{"id":3969,"date":"2025-06-22T09:04:19","date_gmt":"2025-06-22T09:04:19","guid":{"rendered":"https:\/\/www.starmoves.net\/dancehall-masters-league\/"},"modified":"2025-07-14T12:30:19","modified_gmt":"2025-07-14T12:30:19","slug":"dancehall-masters-league","status":"publish","type":"page","link":"https:\/\/www.starmoves.net\/fr\/dancehall-masters-league\/","title":{"rendered":"DANCEHALL MASTERS LEAGUE"},"content":{"rendered":"\t\t<div data-elementor-type=\"wp-page\" data-elementor-id=\"3969\" class=\"elementor elementor-3969 elementor-1161\" data-elementor-settings=\"{&quot;ha_cmc_init_switcher&quot;:&quot;no&quot;}\" data-elementor-post-type=\"page\">\n\t\t\t\t\t\t<section class=\"elementor-section elementor-top-section elementor-element elementor-element-bb6fdf0 elementor-section-height-min-height elementor-section-boxed elementor-section-height-default elementor-section-items-middle\" data-id=\"bb6fdf0\" data-element_type=\"section\" data-e-type=\"section\" data-settings=\"{&quot;background_background&quot;:&quot;classic&quot;,&quot;_ha_eqh_enable&quot;:false}\">\n\t\t\t\t\t\t<div class=\"elementor-container elementor-column-gap-default\">\n\t\t\t\t\t<div class=\"elementor-column elementor-col-100 elementor-top-column elementor-element elementor-element-e3bad9e\" data-id=\"e3bad9e\" data-element_type=\"column\" data-e-type=\"column\">\n\t\t\t<div class=\"elementor-widget-wrap\">\n\t\t\t\t\t\t\t<\/div>\n\t\t<\/div>\n\t\t\t\t\t<\/div>\n\t\t<\/section>\n\t\t\t\t<section class=\"elementor-section elementor-top-section elementor-element elementor-element-afe503a elementor-section-boxed elementor-section-height-default elementor-section-height-default\" data-id=\"afe503a\" data-element_type=\"section\" data-e-type=\"section\" data-settings=\"{&quot;background_background&quot;:&quot;classic&quot;,&quot;_ha_eqh_enable&quot;:false}\">\n\t\t\t\t\t\t<div class=\"elementor-container elementor-column-gap-default\">\n\t\t\t\t\t<div class=\"elementor-column elementor-col-100 elementor-top-column elementor-element elementor-element-afbd38e\" data-id=\"afbd38e\" data-element_type=\"column\" data-e-type=\"column\">\n\t\t\t<div class=\"elementor-widget-wrap elementor-element-populated\">\n\t\t\t\t\t\t<div class=\"elementor-element elementor-element-8b0ba67 elementor-widget elementor-widget-image\" data-id=\"8b0ba67\" data-element_type=\"widget\" data-e-type=\"widget\" data-widget_type=\"image.default\">\n\t\t\t\t<div class=\"elementor-widget-container\">\n\t\t\t\t\t\t\t\t\t\t\t\t\t\t\t<img fetchpriority=\"high\" decoding=\"async\" width=\"400\" height=\"400\" src=\"https:\/\/www.starmoves.net\/wp-content\/uploads\/2025\/06\/image-2025-06-19T182522.997.webp\" class=\"attachment-full size-full wp-image-4064\" alt=\"\" srcset=\"https:\/\/www.starmoves.net\/wp-content\/uploads\/2025\/06\/image-2025-06-19T182522.997.webp 400w, https:\/\/www.starmoves.net\/wp-content\/uploads\/2025\/06\/image-2025-06-19T182522.997-300x300.webp 300w, https:\/\/www.starmoves.net\/wp-content\/uploads\/2025\/06\/image-2025-06-19T182522.997-150x150.webp 150w\" sizes=\"(max-width: 400px) 100vw, 400px\" \/>\t\t\t\t\t\t\t\t\t\t\t\t\t\t\t<\/div>\n\t\t\t\t<\/div>\n\t\t\t\t<div class=\"elementor-element elementor-element-867050c elementor-widget elementor-widget-heading\" data-id=\"867050c\" data-element_type=\"widget\" data-e-type=\"widget\" data-widget_type=\"heading.default\">\n\t\t\t\t<div class=\"elementor-widget-container\">\n\t\t\t\t\t<h2 class=\"elementor-heading-title elementor-size-default\">\"De la premi\u00e8re vibe au hot stepper, vivez votre voyage dancehall\".<\/h2>\t\t\t\t<\/div>\n\t\t\t\t<\/div>\n\t\t\t\t<div class=\"elementor-element elementor-element-b7748c5 elementor-widget elementor-widget-text-editor\" data-id=\"b7748c5\" data-element_type=\"widget\" data-e-type=\"widget\" data-widget_type=\"text-editor.default\">\n\t\t\t\t<div class=\"elementor-widget-container\">\n\t\t\t\t\t\t\t\t\t<div id=\"\" class=\"brz-css-632ubk brz-css-k1pu9 brz-wrapper\"><div class=\"brz-rich-text brz-rich-text__custom brz-css-xemmvu brz-css-xufyj\" data-brz-custom-id=\"xXD9077qKlNW\"><div data-brz-translate-text=\"1\"><p data-start=\"104\" data-end=\"209\">Le Starmoves Dancehall College apporte l&rsquo;\u00e9nergie et la culture de la Jama\u00efque aux \u00e9coles de danse de mani\u00e8re structur\u00e9e, avec un syst\u00e8me de 5 niveaux pour les jeunes et les adultes avanc\u00e9s. De l&rsquo;ancienne \u00e0 la nouvelle \u00e9cole, les danseurs font l&rsquo;exp\u00e9rience de la compr\u00e9hension musicale, de la profondeur culturelle et des vraies vibrations. Le syst\u00e8me motive, favorise la croissance personnelle et enseigne le dancehall avec respect, exigence et style de rue.  <\/p><\/div><\/div><\/div>\t\t\t\t\t\t\t\t<\/div>\n\t\t\t\t<\/div>\n\t\t\t\t\t<\/div>\n\t\t<\/div>\n\t\t\t\t\t<\/div>\n\t\t<\/section>\n\t\t\t\t<section class=\"elementor-section elementor-top-section elementor-element elementor-element-ee5724c elementor-section-boxed elementor-section-height-default elementor-section-height-default\" data-id=\"ee5724c\" data-element_type=\"section\" data-e-type=\"section\" data-settings=\"{&quot;_ha_eqh_enable&quot;:false}\">\n\t\t\t\t\t\t<div class=\"elementor-container elementor-column-gap-default\">\n\t\t\t\t\t<div class=\"elementor-column elementor-col-50 elementor-top-column elementor-element elementor-element-42ea0bb\" data-id=\"42ea0bb\" data-element_type=\"column\" data-e-type=\"column\">\n\t\t\t<div class=\"elementor-widget-wrap elementor-element-populated\">\n\t\t\t\t\t\t<div class=\"elementor-element elementor-element-6d3940c elementor-widget elementor-widget-image\" data-id=\"6d3940c\" data-element_type=\"widget\" data-e-type=\"widget\" data-widget_type=\"image.default\">\n\t\t\t\t<div class=\"elementor-widget-container\">\n\t\t\t\t\t\t\t\t\t\t\t\t\t\t\t<img decoding=\"async\" width=\"321\" height=\"321\" src=\"https:\/\/www.starmoves.net\/wp-content\/uploads\/2025\/06\/ImageDownloader_ilogoyou.de_sm_dh_rider-321x321x0x0x321x321x1749557876.png\" class=\"attachment-full size-full wp-image-3973\" alt=\"\" srcset=\"https:\/\/www.starmoves.net\/wp-content\/uploads\/2025\/06\/ImageDownloader_ilogoyou.de_sm_dh_rider-321x321x0x0x321x321x1749557876.png 321w, https:\/\/www.starmoves.net\/wp-content\/uploads\/2025\/06\/ImageDownloader_ilogoyou.de_sm_dh_rider-321x321x0x0x321x321x1749557876-300x300.png 300w, https:\/\/www.starmoves.net\/wp-content\/uploads\/2025\/06\/ImageDownloader_ilogoyou.de_sm_dh_rider-321x321x0x0x321x321x1749557876-150x150.png 150w\" sizes=\"(max-width: 321px) 100vw, 321px\" \/>\t\t\t\t\t\t\t\t\t\t\t\t\t\t\t<\/div>\n\t\t\t\t<\/div>\n\t\t\t\t\t<\/div>\n\t\t<\/div>\n\t\t\t\t<div class=\"elementor-column elementor-col-50 elementor-top-column elementor-element elementor-element-54e541e\" data-id=\"54e541e\" data-element_type=\"column\" data-e-type=\"column\">\n\t\t\t<div class=\"elementor-widget-wrap elementor-element-populated\">\n\t\t\t\t\t\t<div class=\"elementor-element elementor-element-1b42de6 elementor-widget elementor-widget-heading\" data-id=\"1b42de6\" data-element_type=\"widget\" data-e-type=\"widget\" data-widget_type=\"heading.default\">\n\t\t\t\t<div class=\"elementor-widget-container\">\n\t\t\t\t\t<h2 class=\"elementor-heading-title elementor-size-default\">NIVEAU 1 RIDDIM RIDER<\/h2>\t\t\t\t<\/div>\n\t\t\t\t<\/div>\n\t\t\t\t<div class=\"elementor-element elementor-element-ee3fdad elementor-widget elementor-widget-text-editor\" data-id=\"ee3fdad\" data-element_type=\"widget\" data-e-type=\"widget\" data-widget_type=\"text-editor.default\">\n\t\t\t\t<div class=\"elementor-widget-container\">\n\t\t\t\t\t\t\t\t\t<p><span class=\"brz-cp-color7\">ous avons saut\u00e9 sur la planche du dancehall et en chevauchons maintenant la vibe. En tant que \u00ab\u00a0riddim rider\u00a0\u00bb, vous commencez \u00e0 ressentir les bases &#8211; les mouvements embl\u00e9matiques et les rythmes vibrants qui constituent l&rsquo;essence m\u00eame du dancehall. Vous \u00eates au d\u00e9but de votre voyage, votre corps trouve le groove et le rythme vous entra\u00eene toujours plus loin. C&rsquo;est plus que de la danse &#8211; c&rsquo;est un mode de vie.   <\/span><\/p>\t\t\t\t\t\t\t\t<\/div>\n\t\t\t\t<\/div>\n\t\t\t\t\t<\/div>\n\t\t<\/div>\n\t\t\t\t\t<\/div>\n\t\t<\/section>\n\t\t\t\t<section class=\"elementor-section elementor-top-section elementor-element elementor-element-b3a2eb1 elementor-reverse-mobile elementor-section-boxed elementor-section-height-default elementor-section-height-default\" data-id=\"b3a2eb1\" data-element_type=\"section\" data-e-type=\"section\" data-settings=\"{&quot;background_background&quot;:&quot;classic&quot;,&quot;_ha_eqh_enable&quot;:false}\">\n\t\t\t\t\t\t<div class=\"elementor-container elementor-column-gap-default\">\n\t\t\t\t\t<div class=\"elementor-column elementor-col-50 elementor-top-column elementor-element elementor-element-0eb739f\" data-id=\"0eb739f\" data-element_type=\"column\" data-e-type=\"column\">\n\t\t\t<div class=\"elementor-widget-wrap elementor-element-populated\">\n\t\t\t\t\t\t<div class=\"elementor-element elementor-element-d00d301 elementor-widget elementor-widget-heading\" data-id=\"d00d301\" data-element_type=\"widget\" data-e-type=\"widget\" data-widget_type=\"heading.default\">\n\t\t\t\t<div class=\"elementor-widget-container\">\n\t\t\t\t\t<h2 class=\"elementor-heading-title elementor-size-default\">NIVEAU 2 ZAGA MOVER<\/h2>\t\t\t\t<\/div>\n\t\t\t\t<\/div>\n\t\t\t\t<div class=\"elementor-element elementor-element-6f1a16d elementor-widget elementor-widget-text-editor\" data-id=\"6f1a16d\" data-element_type=\"widget\" data-e-type=\"widget\" data-widget_type=\"text-editor.default\">\n\t\t\t\t<div class=\"elementor-widget-container\">\n\t\t\t\t\t\t\t\t\t<p><span class=\"brz-cp-color8\">Vous n&rsquo;\u00eates plus un simple suiveur, vous devenez un \u00ab\u00a0Zaga Mover\u00a0\u00bb. Les mouvements deviennent plus complexes, votre flow plus souple et vous ressentez les racines du dancehall dans chaque mouvement. Vous associez la technique \u00e0 l&rsquo;\u00e9motion, vous d\u00e9veloppez votre propre vibe et commencez \u00e0 vous faire remarquer par votre style. Le dancehall vous appelle &#8211; et vous r\u00e9pondez avec \u00e9nergie et passion.   <\/span><\/p>\t\t\t\t\t\t\t\t<\/div>\n\t\t\t\t<\/div>\n\t\t\t\t\t<\/div>\n\t\t<\/div>\n\t\t\t\t<div class=\"elementor-column elementor-col-50 elementor-top-column elementor-element elementor-element-6883a9b\" data-id=\"6883a9b\" data-element_type=\"column\" data-e-type=\"column\">\n\t\t\t<div class=\"elementor-widget-wrap elementor-element-populated\">\n\t\t\t\t\t\t<div class=\"elementor-element elementor-element-9f70aa8 elementor-widget elementor-widget-image\" data-id=\"9f70aa8\" data-element_type=\"widget\" data-e-type=\"widget\" data-widget_type=\"image.default\">\n\t\t\t\t<div class=\"elementor-widget-container\">\n\t\t\t\t\t\t\t\t\t\t\t\t\t\t\t<img decoding=\"async\" width=\"321\" height=\"321\" src=\"https:\/\/www.starmoves.net\/wp-content\/uploads\/2025\/06\/ImageDownloader_ilogoyou.de_sm_dh_mover-321x321x0x0x321x321x1749557877.png\" class=\"attachment-full size-full wp-image-3970\" alt=\"\" srcset=\"https:\/\/www.starmoves.net\/wp-content\/uploads\/2025\/06\/ImageDownloader_ilogoyou.de_sm_dh_mover-321x321x0x0x321x321x1749557877.png 321w, https:\/\/www.starmoves.net\/wp-content\/uploads\/2025\/06\/ImageDownloader_ilogoyou.de_sm_dh_mover-321x321x0x0x321x321x1749557877-300x300.png 300w, https:\/\/www.starmoves.net\/wp-content\/uploads\/2025\/06\/ImageDownloader_ilogoyou.de_sm_dh_mover-321x321x0x0x321x321x1749557877-150x150.png 150w\" sizes=\"(max-width: 321px) 100vw, 321px\" \/>\t\t\t\t\t\t\t\t\t\t\t\t\t\t\t<\/div>\n\t\t\t\t<\/div>\n\t\t\t\t\t<\/div>\n\t\t<\/div>\n\t\t\t\t\t<\/div>\n\t\t<\/section>\n\t\t\t\t<section class=\"elementor-section elementor-top-section elementor-element elementor-element-0068f46 elementor-section-boxed elementor-section-height-default elementor-section-height-default\" data-id=\"0068f46\" data-element_type=\"section\" data-e-type=\"section\" data-settings=\"{&quot;_ha_eqh_enable&quot;:false}\">\n\t\t\t\t\t\t<div class=\"elementor-container elementor-column-gap-default\">\n\t\t\t\t\t<div class=\"elementor-column elementor-col-50 elementor-top-column elementor-element elementor-element-269fd4b\" data-id=\"269fd4b\" data-element_type=\"column\" data-e-type=\"column\">\n\t\t\t<div class=\"elementor-widget-wrap elementor-element-populated\">\n\t\t\t\t\t\t<div class=\"elementor-element elementor-element-e83f1b9 elementor-widget elementor-widget-image\" data-id=\"e83f1b9\" data-element_type=\"widget\" data-e-type=\"widget\" data-widget_type=\"image.default\">\n\t\t\t\t<div class=\"elementor-widget-container\">\n\t\t\t\t\t\t\t\t\t\t\t\t\t\t\t<img loading=\"lazy\" decoding=\"async\" width=\"321\" height=\"321\" src=\"https:\/\/www.starmoves.net\/wp-content\/uploads\/2025\/06\/ImageDownloader_ilogoyou.de_sm_dh_flexer-321x321x0x0x321x321x1749557877.png\" class=\"attachment-full size-full wp-image-3972\" alt=\"\" srcset=\"https:\/\/www.starmoves.net\/wp-content\/uploads\/2025\/06\/ImageDownloader_ilogoyou.de_sm_dh_flexer-321x321x0x0x321x321x1749557877.png 321w, https:\/\/www.starmoves.net\/wp-content\/uploads\/2025\/06\/ImageDownloader_ilogoyou.de_sm_dh_flexer-321x321x0x0x321x321x1749557877-300x300.png 300w, https:\/\/www.starmoves.net\/wp-content\/uploads\/2025\/06\/ImageDownloader_ilogoyou.de_sm_dh_flexer-321x321x0x0x321x321x1749557877-150x150.png 150w\" sizes=\"(max-width: 321px) 100vw, 321px\" \/>\t\t\t\t\t\t\t\t\t\t\t\t\t\t\t<\/div>\n\t\t\t\t<\/div>\n\t\t\t\t\t<\/div>\n\t\t<\/div>\n\t\t\t\t<div class=\"elementor-column elementor-col-50 elementor-top-column elementor-element elementor-element-d92e302\" data-id=\"d92e302\" data-element_type=\"column\" data-e-type=\"column\">\n\t\t\t<div class=\"elementor-widget-wrap elementor-element-populated\">\n\t\t\t\t\t\t<div class=\"elementor-element elementor-element-e11db25 elementor-widget elementor-widget-heading\" data-id=\"e11db25\" data-element_type=\"widget\" data-e-type=\"widget\" data-widget_type=\"heading.default\">\n\t\t\t\t<div class=\"elementor-widget-container\">\n\t\t\t\t\t<h2 class=\"elementor-heading-title elementor-size-default\">NIVEAU 3 MAD FLEXER<\/h2>\t\t\t\t<\/div>\n\t\t\t\t<\/div>\n\t\t\t\t<div class=\"elementor-element elementor-element-bac9549 elementor-widget elementor-widget-text-editor\" data-id=\"bac9549\" data-element_type=\"widget\" data-e-type=\"widget\" data-widget_type=\"text-editor.default\">\n\t\t\t\t<div class=\"elementor-widget-container\">\n\t\t\t\t\t\t\t\t\t<p><span class=\"brz-cp-color7\">C&rsquo;est le moment de passer aux choses s\u00e9rieuses : vous \u00eates un \u00ab\u00a0Mad Flexer\u00a0\u00bb. Vos mouvements sont sophistiqu\u00e9s, votre style explose. Vous exp\u00e9rimentez avec des pas de l&rsquo;ancienne, moyenne et nouvelle \u00e9cole et ajoutez votre propre couleur. Votre langage de danse n&rsquo;est plus seulement un mouvement, c&rsquo;est une expression. Le dancehall vit en vous, et vous vivez pour le dancehall.    <\/span><\/p>\t\t\t\t\t\t\t\t<\/div>\n\t\t\t\t<\/div>\n\t\t\t\t\t<\/div>\n\t\t<\/div>\n\t\t\t\t\t<\/div>\n\t\t<\/section>\n\t\t\t\t<section class=\"elementor-section elementor-top-section elementor-element elementor-element-d20d82f elementor-reverse-mobile elementor-section-boxed elementor-section-height-default elementor-section-height-default\" data-id=\"d20d82f\" data-element_type=\"section\" data-e-type=\"section\" data-settings=\"{&quot;background_background&quot;:&quot;classic&quot;,&quot;_ha_eqh_enable&quot;:false}\">\n\t\t\t\t\t\t<div class=\"elementor-container elementor-column-gap-default\">\n\t\t\t\t\t<div class=\"elementor-column elementor-col-50 elementor-top-column elementor-element elementor-element-ab4deb2\" data-id=\"ab4deb2\" data-element_type=\"column\" data-e-type=\"column\">\n\t\t\t<div class=\"elementor-widget-wrap elementor-element-populated\">\n\t\t\t\t\t\t<div class=\"elementor-element elementor-element-37bc153 elementor-widget elementor-widget-heading\" data-id=\"37bc153\" data-element_type=\"widget\" data-e-type=\"widget\" data-widget_type=\"heading.default\">\n\t\t\t\t<div class=\"elementor-widget-container\">\n\t\t\t\t\t<h2 class=\"elementor-heading-title elementor-size-default\">NIVEAU 4 SHOTTA BOUNCER<\/h2>\t\t\t\t<\/div>\n\t\t\t\t<\/div>\n\t\t\t\t<div class=\"elementor-element elementor-element-d5d45fc elementor-widget elementor-widget-text-editor\" data-id=\"d5d45fc\" data-element_type=\"widget\" data-e-type=\"widget\" data-widget_type=\"text-editor.default\">\n\t\t\t\t<div class=\"elementor-widget-container\">\n\t\t\t\t\t\t\t\t\t<p><span class=\"brz-cp-color8\">En tant que \u00ab\u00a0shotta bouncer\u00a0\u00bb, vous \u00eates un concentr\u00e9 d&rsquo;\u00e9nergie qui ne rate aucun step. Votre style est pr\u00e9cis, votre puissance est \u00e9lectrisante. Vous captivez la foule. Vous inspirez les autres danseurs avec votre engagement et votre amour pour la culture dancehall. Vous n&rsquo;\u00eates pas seulement un danseur &#8211; vous \u00eates un leader sur le dancefloor.    <\/span><\/p>\t\t\t\t\t\t\t\t<\/div>\n\t\t\t\t<\/div>\n\t\t\t\t\t<\/div>\n\t\t<\/div>\n\t\t\t\t<div class=\"elementor-column elementor-col-50 elementor-top-column elementor-element elementor-element-201fb58\" data-id=\"201fb58\" data-element_type=\"column\" data-e-type=\"column\">\n\t\t\t<div class=\"elementor-widget-wrap elementor-element-populated\">\n\t\t\t\t\t\t<div class=\"elementor-element elementor-element-970a14c elementor-widget elementor-widget-image\" data-id=\"970a14c\" data-element_type=\"widget\" data-e-type=\"widget\" data-widget_type=\"image.default\">\n\t\t\t\t<div class=\"elementor-widget-container\">\n\t\t\t\t\t\t\t\t\t\t\t\t\t\t\t<img loading=\"lazy\" decoding=\"async\" width=\"321\" height=\"321\" src=\"https:\/\/www.starmoves.net\/wp-content\/uploads\/2025\/07\/Shotta-Bouncer.png\" class=\"attachment-full size-full wp-image-4902\" alt=\"\" srcset=\"https:\/\/www.starmoves.net\/wp-content\/uploads\/2025\/07\/Shotta-Bouncer.png 321w, https:\/\/www.starmoves.net\/wp-content\/uploads\/2025\/07\/Shotta-Bouncer-300x300.png 300w, https:\/\/www.starmoves.net\/wp-content\/uploads\/2025\/07\/Shotta-Bouncer-150x150.png 150w\" sizes=\"(max-width: 321px) 100vw, 321px\" \/>\t\t\t\t\t\t\t\t\t\t\t\t\t\t\t<\/div>\n\t\t\t\t<\/div>\n\t\t\t\t\t<\/div>\n\t\t<\/div>\n\t\t\t\t\t<\/div>\n\t\t<\/section>\n\t\t\t\t<section class=\"elementor-section elementor-top-section elementor-element elementor-element-8926bcb elementor-section-boxed elementor-section-height-default elementor-section-height-default\" data-id=\"8926bcb\" data-element_type=\"section\" data-e-type=\"section\" data-settings=\"{&quot;_ha_eqh_enable&quot;:false}\">\n\t\t\t\t\t\t<div class=\"elementor-container elementor-column-gap-default\">\n\t\t\t\t\t<div class=\"elementor-column elementor-col-50 elementor-top-column elementor-element elementor-element-81e290c\" data-id=\"81e290c\" data-element_type=\"column\" data-e-type=\"column\">\n\t\t\t<div class=\"elementor-widget-wrap elementor-element-populated\">\n\t\t\t\t\t\t<div class=\"elementor-element elementor-element-ff0aa7e elementor-widget elementor-widget-image\" data-id=\"ff0aa7e\" data-element_type=\"widget\" data-e-type=\"widget\" data-widget_type=\"image.default\">\n\t\t\t\t<div class=\"elementor-widget-container\">\n\t\t\t\t\t\t\t\t\t\t\t\t\t\t\t<img loading=\"lazy\" decoding=\"async\" width=\"321\" height=\"321\" src=\"https:\/\/www.starmoves.net\/wp-content\/uploads\/2025\/07\/hot_stepper.png\" class=\"attachment-full size-full wp-image-4907\" alt=\"\" srcset=\"https:\/\/www.starmoves.net\/wp-content\/uploads\/2025\/07\/hot_stepper.png 321w, https:\/\/www.starmoves.net\/wp-content\/uploads\/2025\/07\/hot_stepper-300x300.png 300w, https:\/\/www.starmoves.net\/wp-content\/uploads\/2025\/07\/hot_stepper-150x150.png 150w\" sizes=\"(max-width: 321px) 100vw, 321px\" \/>\t\t\t\t\t\t\t\t\t\t\t\t\t\t\t<\/div>\n\t\t\t\t<\/div>\n\t\t\t\t\t<\/div>\n\t\t<\/div>\n\t\t\t\t<div class=\"elementor-column elementor-col-50 elementor-top-column elementor-element elementor-element-6c34fc2\" data-id=\"6c34fc2\" data-element_type=\"column\" data-e-type=\"column\">\n\t\t\t<div class=\"elementor-widget-wrap elementor-element-populated\">\n\t\t\t\t\t\t<div class=\"elementor-element elementor-element-8577dd2 elementor-widget elementor-widget-heading\" data-id=\"8577dd2\" data-element_type=\"widget\" data-e-type=\"widget\" data-widget_type=\"heading.default\">\n\t\t\t\t<div class=\"elementor-widget-container\">\n\t\t\t\t\t<h2 class=\"elementor-heading-title elementor-size-default\">LEVEL 5 HOT STEPPER<\/h2>\t\t\t\t<\/div>\n\t\t\t\t<\/div>\n\t\t\t\t<div class=\"elementor-element elementor-element-766f231 elementor-widget elementor-widget-text-editor\" data-id=\"766f231\" data-element_type=\"widget\" data-e-type=\"widget\" data-widget_type=\"text-editor.default\">\n\t\t\t\t<div class=\"elementor-widget-container\">\n\t\t\t\t\t\t\t\t\t<p><span class=\"brz-cp-color7\">Vous \u00eates maintenant sur le tr\u00f4ne &#8211; vous \u00eates un \u00ab\u00a0hot stepper\u00a0\u00bb. Votre nom est tout un programme et vos comp\u00e9tences sont incontest\u00e9es. Vous enflammez la sc\u00e8ne, vivez la culture avec chaque fibre et vos mouvements racontent des histoires. Vos comp\u00e9tences ne sont pas seulement une d\u00e9claration, elles sont un h\u00e9ritage. C&rsquo;est maintenant \u00e0 vous de pousser la prochaine g\u00e9n\u00e9ration et de transmettre l&rsquo;esprit du dancehall.    <\/span><\/p>\t\t\t\t\t\t\t\t<\/div>\n\t\t\t\t<\/div>\n\t\t\t\t\t<\/div>\n\t\t<\/div>\n\t\t\t\t\t<\/div>\n\t\t<\/section>\n\t\t\t\t<\/div>\n\t\t","protected":false},"excerpt":{"rendered":"<p>\u00ab\u00a0De la premi\u00e8re vibe au hot stepper, vivez votre voyage dancehall\u00a0\u00bb. Le Starmoves Dancehall College apporte l&rsquo;\u00e9nergie et la culture [&hellip;]<\/p>\n","protected":false},"author":1,"featured_media":0,"parent":0,"menu_order":0,"comment_status":"closed","ping_status":"closed","template":"","meta":{"_monsterinsights_skip_tracking":false,"_monsterinsights_sitenote_active":false,"_monsterinsights_sitenote_note":"","_monsterinsights_sitenote_category":0,"_uf_show_specific_survey":0,"_uf_disable_surveys":false,"site-sidebar-layout":"no-sidebar","site-content-layout":"","ast-site-content-layout":"full-width-container","site-content-style":"default","site-sidebar-style":"default","ast-global-header-display":"","ast-banner-title-visibility":"","ast-main-header-display":"","ast-hfb-above-header-display":"","ast-hfb-below-header-display":"","ast-hfb-mobile-header-display":"","site-post-title":"disabled","ast-breadcrumbs-content":"","ast-featured-img":"disabled","footer-sml-layout":"","ast-disable-related-posts":"","theme-transparent-header-meta":"","adv-header-id-meta":"","stick-header-meta":"","header-above-stick-meta":"","header-main-stick-meta":"","header-below-stick-meta":"","astra-migrate-meta-layouts":"default","ast-page-background-enabled":"default","ast-page-background-meta":{"desktop":{"background-color":"var(--ast-global-color-5)","background-image":"","background-repeat":"repeat","background-position":"center center","background-size":"auto","background-attachment":"scroll","background-type":"","background-media":"","overlay-type":"","overlay-color":"","overlay-opacity":"","overlay-gradient":""},"tablet":{"background-color":"","background-image":"","background-repeat":"repeat","background-position":"center center","background-size":"auto","background-attachment":"scroll","background-type":"","background-media":"","overlay-type":"","overlay-color":"","overlay-opacity":"","overlay-gradient":""},"mobile":{"background-color":"","background-image":"","background-repeat":"repeat","background-position":"center center","background-size":"auto","background-attachment":"scroll","background-type":"","background-media":"","overlay-type":"","overlay-color":"","overlay-opacity":"","overlay-gradient":""}},"ast-content-background-meta":{"desktop":{"background-color":"var(--ast-global-color-4)","background-image":"","background-repeat":"repeat","background-position":"center center","background-size":"auto","background-attachment":"scroll","background-type":"","background-media":"","overlay-type":"","overlay-color":"","overlay-opacity":"","overlay-gradient":""},"tablet":{"background-color":"var(--ast-global-color-4)","background-image":"","background-repeat":"repeat","background-position":"center center","background-size":"auto","background-attachment":"scroll","background-type":"","background-media":"","overlay-type":"","overlay-color":"","overlay-opacity":"","overlay-gradient":""},"mobile":{"background-color":"var(--ast-global-color-4)","background-image":"","background-repeat":"repeat","background-position":"center center","background-size":"auto","background-attachment":"scroll","background-type":"","background-media":"","overlay-type":"","overlay-color":"","overlay-opacity":"","overlay-gradient":""}},"footnotes":""},"class_list":["post-3969","page","type-page","status-publish","hentry"],"_links":{"self":[{"href":"https:\/\/www.starmoves.net\/fr\/wp-json\/wp\/v2\/pages\/3969","targetHints":{"allow":["GET"]}}],"collection":[{"href":"https:\/\/www.starmoves.net\/fr\/wp-json\/wp\/v2\/pages"}],"about":[{"href":"https:\/\/www.starmoves.net\/fr\/wp-json\/wp\/v2\/types\/page"}],"author":[{"embeddable":true,"href":"https:\/\/www.starmoves.net\/fr\/wp-json\/wp\/v2\/users\/1"}],"replies":[{"embeddable":true,"href":"https:\/\/www.starmoves.net\/fr\/wp-json\/wp\/v2\/comments?post=3969"}],"version-history":[{"count":2,"href":"https:\/\/www.starmoves.net\/fr\/wp-json\/wp\/v2\/pages\/3969\/revisions"}],"predecessor-version":[{"id":4913,"href":"https:\/\/www.starmoves.net\/fr\/wp-json\/wp\/v2\/pages\/3969\/revisions\/4913"}],"wp:attachment":[{"href":"https:\/\/www.starmoves.net\/fr\/wp-json\/wp\/v2\/media?parent=3969"}],"curies":[{"name":"wp","href":"https:\/\/api.w.org\/{rel}","templated":true}]}}