{"id":3632,"date":"2025-06-22T09:04:19","date_gmt":"2025-06-22T09:04:19","guid":{"rendered":"https:\/\/www.starmoves.net\/campionato-dancehall-masters\/"},"modified":"2025-07-07T14:14:01","modified_gmt":"2025-07-07T14:14:01","slug":"campionato-dancehall-masters","status":"publish","type":"page","link":"https:\/\/www.starmoves.net\/it\/campionato-dancehall-masters\/","title":{"rendered":"CAMPIONATO DANCEHALL MASTERS"},"content":{"rendered":"\t\t<div data-elementor-type=\"wp-page\" data-elementor-id=\"3632\" class=\"elementor elementor-3632 elementor-1161\" data-elementor-settings=\"{&quot;ha_cmc_init_switcher&quot;:&quot;no&quot;}\" data-elementor-post-type=\"page\">\n\t\t\t\t\t\t<section class=\"elementor-section elementor-top-section elementor-element elementor-element-bb6fdf0 elementor-section-height-min-height elementor-section-boxed elementor-section-height-default elementor-section-items-middle\" data-id=\"bb6fdf0\" data-element_type=\"section\" data-e-type=\"section\" data-settings=\"{&quot;background_background&quot;:&quot;classic&quot;,&quot;_ha_eqh_enable&quot;:false}\">\n\t\t\t\t\t\t<div class=\"elementor-container elementor-column-gap-default\">\n\t\t\t\t\t<div class=\"elementor-column elementor-col-100 elementor-top-column elementor-element elementor-element-e3bad9e\" data-id=\"e3bad9e\" data-element_type=\"column\" data-e-type=\"column\">\n\t\t\t<div class=\"elementor-widget-wrap\">\n\t\t\t\t\t\t\t<\/div>\n\t\t<\/div>\n\t\t\t\t\t<\/div>\n\t\t<\/section>\n\t\t\t\t<section class=\"elementor-section elementor-top-section elementor-element elementor-element-afe503a elementor-section-boxed elementor-section-height-default elementor-section-height-default\" data-id=\"afe503a\" data-element_type=\"section\" data-e-type=\"section\" data-settings=\"{&quot;background_background&quot;:&quot;classic&quot;,&quot;_ha_eqh_enable&quot;:false}\">\n\t\t\t\t\t\t<div class=\"elementor-container elementor-column-gap-default\">\n\t\t\t\t\t<div class=\"elementor-column elementor-col-100 elementor-top-column elementor-element elementor-element-afbd38e\" data-id=\"afbd38e\" data-element_type=\"column\" data-e-type=\"column\">\n\t\t\t<div class=\"elementor-widget-wrap elementor-element-populated\">\n\t\t\t\t\t\t<div class=\"elementor-element elementor-element-8b0ba67 elementor-widget elementor-widget-image\" data-id=\"8b0ba67\" data-element_type=\"widget\" data-e-type=\"widget\" data-widget_type=\"image.default\">\n\t\t\t\t<div class=\"elementor-widget-container\">\n\t\t\t\t\t\t\t\t\t\t\t\t\t\t\t<img fetchpriority=\"high\" decoding=\"async\" width=\"400\" height=\"400\" src=\"https:\/\/www.starmoves.net\/wp-content\/uploads\/2025\/06\/image-2025-06-19T182522.997.webp\" class=\"attachment-full size-full wp-image-3708\" alt=\"\" srcset=\"https:\/\/www.starmoves.net\/wp-content\/uploads\/2025\/06\/image-2025-06-19T182522.997.webp 400w, https:\/\/www.starmoves.net\/wp-content\/uploads\/2025\/06\/image-2025-06-19T182522.997-300x300.webp 300w, https:\/\/www.starmoves.net\/wp-content\/uploads\/2025\/06\/image-2025-06-19T182522.997-150x150.webp 150w\" sizes=\"(max-width: 400px) 100vw, 400px\" \/>\t\t\t\t\t\t\t\t\t\t\t\t\t\t\t<\/div>\n\t\t\t\t<\/div>\n\t\t\t\t<div class=\"elementor-element elementor-element-867050c elementor-widget elementor-widget-heading\" data-id=\"867050c\" data-element_type=\"widget\" data-e-type=\"widget\" data-widget_type=\"heading.default\">\n\t\t\t\t<div class=\"elementor-widget-container\">\n\t\t\t\t\t<h2 class=\"elementor-heading-title elementor-size-default\">\"Dalle prime vibrazioni agli hot stepper: vivi il tuo viaggio nella dancehall\".<\/h2>\t\t\t\t<\/div>\n\t\t\t\t<\/div>\n\t\t\t\t<div class=\"elementor-element elementor-element-b7748c5 elementor-widget elementor-widget-text-editor\" data-id=\"b7748c5\" data-element_type=\"widget\" data-e-type=\"widget\" data-widget_type=\"text-editor.default\">\n\t\t\t\t<div class=\"elementor-widget-container\">\n\t\t\t\t\t\t\t\t\t<div id=\"\" class=\"brz-css-632ubk brz-css-k1pu9 brz-wrapper\"><div class=\"brz-rich-text brz-rich-text__custom brz-css-xemmvu brz-css-xufyj\" data-brz-custom-id=\"xXD9077qKlNW\"><div data-brz-translate-text=\"1\"><p data-start=\"104\" data-end=\"209\">Lo Starmoves Dancehall College porta l&#8217;energia e la cultura della Giamaica nelle scuole di danza in forma strutturata, con un sistema a 5 livelli per giovani e adulti avanzati. Dalla vecchia alla nuova scuola, i ballerini sperimentano comprensione musicale, profondit\u00e0 culturale e vibrazioni reali. Il sistema motiva, promuove la crescita personale e insegna la dancehall con rispetto, raffinatezza e street style.  <\/p><\/div><\/div><\/div>\t\t\t\t\t\t\t\t<\/div>\n\t\t\t\t<\/div>\n\t\t\t\t\t<\/div>\n\t\t<\/div>\n\t\t\t\t\t<\/div>\n\t\t<\/section>\n\t\t\t\t<section class=\"elementor-section elementor-top-section elementor-element elementor-element-ee5724c elementor-section-boxed elementor-section-height-default elementor-section-height-default\" data-id=\"ee5724c\" data-element_type=\"section\" data-e-type=\"section\" data-settings=\"{&quot;_ha_eqh_enable&quot;:false}\">\n\t\t\t\t\t\t<div class=\"elementor-container elementor-column-gap-default\">\n\t\t\t\t\t<div class=\"elementor-column elementor-col-50 elementor-top-column elementor-element elementor-element-42ea0bb\" data-id=\"42ea0bb\" data-element_type=\"column\" data-e-type=\"column\">\n\t\t\t<div class=\"elementor-widget-wrap elementor-element-populated\">\n\t\t\t\t\t\t<div class=\"elementor-element elementor-element-6d3940c elementor-widget elementor-widget-image\" data-id=\"6d3940c\" data-element_type=\"widget\" data-e-type=\"widget\" data-widget_type=\"image.default\">\n\t\t\t\t<div class=\"elementor-widget-container\">\n\t\t\t\t\t\t\t\t\t\t\t\t\t\t\t<img decoding=\"async\" width=\"321\" height=\"321\" src=\"https:\/\/www.starmoves.net\/wp-content\/uploads\/2025\/06\/ImageDownloader_ilogoyou.de_sm_dh_rider-321x321x0x0x321x321x1749557876.png\" class=\"attachment-full size-full wp-image-3636\" alt=\"\" srcset=\"https:\/\/www.starmoves.net\/wp-content\/uploads\/2025\/06\/ImageDownloader_ilogoyou.de_sm_dh_rider-321x321x0x0x321x321x1749557876.png 321w, https:\/\/www.starmoves.net\/wp-content\/uploads\/2025\/06\/ImageDownloader_ilogoyou.de_sm_dh_rider-321x321x0x0x321x321x1749557876-300x300.png 300w, https:\/\/www.starmoves.net\/wp-content\/uploads\/2025\/06\/ImageDownloader_ilogoyou.de_sm_dh_rider-321x321x0x0x321x321x1749557876-150x150.png 150w\" sizes=\"(max-width: 321px) 100vw, 321px\" \/>\t\t\t\t\t\t\t\t\t\t\t\t\t\t\t<\/div>\n\t\t\t\t<\/div>\n\t\t\t\t\t<\/div>\n\t\t<\/div>\n\t\t\t\t<div class=\"elementor-column elementor-col-50 elementor-top-column elementor-element elementor-element-54e541e\" data-id=\"54e541e\" data-element_type=\"column\" data-e-type=\"column\">\n\t\t\t<div class=\"elementor-widget-wrap elementor-element-populated\">\n\t\t\t\t\t\t<div class=\"elementor-element elementor-element-1b42de6 elementor-widget elementor-widget-heading\" data-id=\"1b42de6\" data-element_type=\"widget\" data-e-type=\"widget\" data-widget_type=\"heading.default\">\n\t\t\t\t<div class=\"elementor-widget-container\">\n\t\t\t\t\t<h2 class=\"elementor-heading-title elementor-size-default\">RIDER RIDDIM DI LIVELLO 1<\/h2>\t\t\t\t<\/div>\n\t\t\t\t<\/div>\n\t\t\t\t<div class=\"elementor-element elementor-element-ee3fdad elementor-widget elementor-widget-text-editor\" data-id=\"ee3fdad\" data-element_type=\"widget\" data-e-type=\"widget\" data-widget_type=\"text-editor.default\">\n\t\t\t\t<div class=\"elementor-widget-container\">\n\t\t\t\t\t\t\t\t\t<p><span class=\"brz-cp-color7\">Sei salito sulla tavola della dancehall e ora ne stai cavalcando le vibrazioni. Come &#8220;rider di riddim&#8221; inizi a sentire le basi: le mosse iconiche e i ritmi pulsanti che costituiscono l&#8217;essenza della dancehall. Sei all&#8217;inizio del tuo viaggio, il tuo corpo trova il groove e il ritmo ti trascina sempre pi\u00f9 in profondit\u00e0. \u00c8 pi\u00f9 che ballare: \u00e8 uno stile di vita.   <\/span><\/p>\t\t\t\t\t\t\t\t<\/div>\n\t\t\t\t<\/div>\n\t\t\t\t\t<\/div>\n\t\t<\/div>\n\t\t\t\t\t<\/div>\n\t\t<\/section>\n\t\t\t\t<section class=\"elementor-section elementor-top-section elementor-element elementor-element-b3a2eb1 elementor-reverse-mobile elementor-section-boxed elementor-section-height-default elementor-section-height-default\" data-id=\"b3a2eb1\" data-element_type=\"section\" data-e-type=\"section\" data-settings=\"{&quot;background_background&quot;:&quot;classic&quot;,&quot;_ha_eqh_enable&quot;:false}\">\n\t\t\t\t\t\t<div class=\"elementor-container elementor-column-gap-default\">\n\t\t\t\t\t<div class=\"elementor-column elementor-col-50 elementor-top-column elementor-element elementor-element-0eb739f\" data-id=\"0eb739f\" data-element_type=\"column\" data-e-type=\"column\">\n\t\t\t<div class=\"elementor-widget-wrap elementor-element-populated\">\n\t\t\t\t\t\t<div class=\"elementor-element elementor-element-d00d301 elementor-widget elementor-widget-heading\" data-id=\"d00d301\" data-element_type=\"widget\" data-e-type=\"widget\" data-widget_type=\"heading.default\">\n\t\t\t\t<div class=\"elementor-widget-container\">\n\t\t\t\t\t<h2 class=\"elementor-heading-title elementor-size-default\">LIVELLO 2 ZAGA MOVER<\/h2>\t\t\t\t<\/div>\n\t\t\t\t<\/div>\n\t\t\t\t<div class=\"elementor-element elementor-element-6f1a16d elementor-widget elementor-widget-text-editor\" data-id=\"6f1a16d\" data-element_type=\"widget\" data-e-type=\"widget\" data-widget_type=\"text-editor.default\">\n\t\t\t\t<div class=\"elementor-widget-container\">\n\t\t\t\t\t\t\t\t\t<p><span class=\"brz-cp-color8\">Non sei pi\u00f9 un semplice seguace, ma diventi uno &#8220;Zaga Mover&#8221;. I movimenti diventano pi\u00f9 complessi, il flusso pi\u00f9 fluido e senti le radici della dancehall in ogni movimento. Unisci la tecnica al sentimento, sviluppi una tua vibrazione e inizi a distinguerti con il tuo stile. La dancehall ti chiama e tu rispondi con energia e passione.   <\/span><\/p>\t\t\t\t\t\t\t\t<\/div>\n\t\t\t\t<\/div>\n\t\t\t\t\t<\/div>\n\t\t<\/div>\n\t\t\t\t<div class=\"elementor-column elementor-col-50 elementor-top-column elementor-element elementor-element-6883a9b\" data-id=\"6883a9b\" data-element_type=\"column\" data-e-type=\"column\">\n\t\t\t<div class=\"elementor-widget-wrap elementor-element-populated\">\n\t\t\t\t\t\t<div class=\"elementor-element elementor-element-9f70aa8 elementor-widget elementor-widget-image\" data-id=\"9f70aa8\" data-element_type=\"widget\" data-e-type=\"widget\" data-widget_type=\"image.default\">\n\t\t\t\t<div class=\"elementor-widget-container\">\n\t\t\t\t\t\t\t\t\t\t\t\t\t\t\t<img decoding=\"async\" width=\"321\" height=\"321\" src=\"https:\/\/www.starmoves.net\/wp-content\/uploads\/2025\/06\/ImageDownloader_ilogoyou.de_sm_dh_mover-321x321x0x0x321x321x1749557877.png\" class=\"attachment-full size-full wp-image-3633\" alt=\"\" srcset=\"https:\/\/www.starmoves.net\/wp-content\/uploads\/2025\/06\/ImageDownloader_ilogoyou.de_sm_dh_mover-321x321x0x0x321x321x1749557877.png 321w, https:\/\/www.starmoves.net\/wp-content\/uploads\/2025\/06\/ImageDownloader_ilogoyou.de_sm_dh_mover-321x321x0x0x321x321x1749557877-300x300.png 300w, https:\/\/www.starmoves.net\/wp-content\/uploads\/2025\/06\/ImageDownloader_ilogoyou.de_sm_dh_mover-321x321x0x0x321x321x1749557877-150x150.png 150w\" sizes=\"(max-width: 321px) 100vw, 321px\" \/>\t\t\t\t\t\t\t\t\t\t\t\t\t\t\t<\/div>\n\t\t\t\t<\/div>\n\t\t\t\t\t<\/div>\n\t\t<\/div>\n\t\t\t\t\t<\/div>\n\t\t<\/section>\n\t\t\t\t<section class=\"elementor-section elementor-top-section elementor-element elementor-element-0068f46 elementor-section-boxed elementor-section-height-default elementor-section-height-default\" data-id=\"0068f46\" data-element_type=\"section\" data-e-type=\"section\" data-settings=\"{&quot;_ha_eqh_enable&quot;:false}\">\n\t\t\t\t\t\t<div class=\"elementor-container elementor-column-gap-default\">\n\t\t\t\t\t<div class=\"elementor-column elementor-col-50 elementor-top-column elementor-element elementor-element-269fd4b\" data-id=\"269fd4b\" data-element_type=\"column\" data-e-type=\"column\">\n\t\t\t<div class=\"elementor-widget-wrap elementor-element-populated\">\n\t\t\t\t\t\t<div class=\"elementor-element elementor-element-e83f1b9 elementor-widget elementor-widget-image\" data-id=\"e83f1b9\" data-element_type=\"widget\" data-e-type=\"widget\" data-widget_type=\"image.default\">\n\t\t\t\t<div class=\"elementor-widget-container\">\n\t\t\t\t\t\t\t\t\t\t\t\t\t\t\t<img loading=\"lazy\" decoding=\"async\" width=\"321\" height=\"321\" src=\"https:\/\/www.starmoves.net\/wp-content\/uploads\/2025\/06\/ImageDownloader_ilogoyou.de_sm_dh_flexer-321x321x0x0x321x321x1749557877.png\" class=\"attachment-full size-full wp-image-3635\" alt=\"\" srcset=\"https:\/\/www.starmoves.net\/wp-content\/uploads\/2025\/06\/ImageDownloader_ilogoyou.de_sm_dh_flexer-321x321x0x0x321x321x1749557877.png 321w, https:\/\/www.starmoves.net\/wp-content\/uploads\/2025\/06\/ImageDownloader_ilogoyou.de_sm_dh_flexer-321x321x0x0x321x321x1749557877-300x300.png 300w, https:\/\/www.starmoves.net\/wp-content\/uploads\/2025\/06\/ImageDownloader_ilogoyou.de_sm_dh_flexer-321x321x0x0x321x321x1749557877-150x150.png 150w\" sizes=\"(max-width: 321px) 100vw, 321px\" \/>\t\t\t\t\t\t\t\t\t\t\t\t\t\t\t<\/div>\n\t\t\t\t<\/div>\n\t\t\t\t\t<\/div>\n\t\t<\/div>\n\t\t\t\t<div class=\"elementor-column elementor-col-50 elementor-top-column elementor-element elementor-element-d92e302\" data-id=\"d92e302\" data-element_type=\"column\" data-e-type=\"column\">\n\t\t\t<div class=\"elementor-widget-wrap elementor-element-populated\">\n\t\t\t\t\t\t<div class=\"elementor-element elementor-element-e11db25 elementor-widget elementor-widget-heading\" data-id=\"e11db25\" data-element_type=\"widget\" data-e-type=\"widget\" data-widget_type=\"heading.default\">\n\t\t\t\t<div class=\"elementor-widget-container\">\n\t\t\t\t\t<h2 class=\"elementor-heading-title elementor-size-default\">FLESSORE PAZZO DI LIVELLO 3<\/h2>\t\t\t\t<\/div>\n\t\t\t\t<\/div>\n\t\t\t\t<div class=\"elementor-element elementor-element-bac9549 elementor-widget elementor-widget-text-editor\" data-id=\"bac9549\" data-element_type=\"widget\" data-e-type=\"widget\" data-widget_type=\"text-editor.default\">\n\t\t\t\t<div class=\"elementor-widget-container\">\n\t\t\t\t\t\t\t\t\t<p><span class=\"brz-cp-color7\">Ora si fa sul serio: sei un &#8220;Mad Flexer&#8221;. Le tue mosse sono raffinate, il tuo stile esplode. Sperimenti passi della vecchia, media e nuova scuola e metti in gioco i tuoi colori. Il tuo linguaggio di danza non \u00e8 pi\u00f9 solo movimento, \u00e8 espressione. La dancehall vive in te e tu vivi per la dancehall.    <\/span><\/p>\t\t\t\t\t\t\t\t<\/div>\n\t\t\t\t<\/div>\n\t\t\t\t\t<\/div>\n\t\t<\/div>\n\t\t\t\t\t<\/div>\n\t\t<\/section>\n\t\t\t\t<section class=\"elementor-section elementor-top-section elementor-element elementor-element-d20d82f elementor-reverse-mobile elementor-section-boxed elementor-section-height-default elementor-section-height-default\" data-id=\"d20d82f\" data-element_type=\"section\" data-e-type=\"section\" data-settings=\"{&quot;background_background&quot;:&quot;classic&quot;,&quot;_ha_eqh_enable&quot;:false}\">\n\t\t\t\t\t\t<div class=\"elementor-container elementor-column-gap-default\">\n\t\t\t\t\t<div class=\"elementor-column elementor-col-50 elementor-top-column elementor-element elementor-element-ab4deb2\" data-id=\"ab4deb2\" data-element_type=\"column\" data-e-type=\"column\">\n\t\t\t<div class=\"elementor-widget-wrap elementor-element-populated\">\n\t\t\t\t\t\t<div class=\"elementor-element elementor-element-37bc153 elementor-widget elementor-widget-heading\" data-id=\"37bc153\" data-element_type=\"widget\" data-e-type=\"widget\" data-widget_type=\"heading.default\">\n\t\t\t\t<div class=\"elementor-widget-container\">\n\t\t\t\t\t<h2 class=\"elementor-heading-title elementor-size-default\">BUTTAFUORI SHOTTA DI LIVELLO 4<\/h2>\t\t\t\t<\/div>\n\t\t\t\t<\/div>\n\t\t\t\t<div class=\"elementor-element elementor-element-d5d45fc elementor-widget elementor-widget-text-editor\" data-id=\"d5d45fc\" data-element_type=\"widget\" data-e-type=\"widget\" data-widget_type=\"text-editor.default\">\n\t\t\t\t<div class=\"elementor-widget-container\">\n\t\t\t\t\t\t\t\t\t<p><span class=\"brz-cp-color8\">Come &#8220;Shotta Bouncer&#8221;, sei un fascio di energia che non sbaglia mai un passo. Il tuo stile \u00e8 preciso, la tua potenza elettrizzante. Lanci un incantesimo sulla folla. Ispiri gli altri ballerini con il tuo impegno e dimostri il tuo amore per la cultura dancehall. Non sei solo un ballerino, sei un leader sulla pista da ballo.    <\/span><\/p>\t\t\t\t\t\t\t\t<\/div>\n\t\t\t\t<\/div>\n\t\t\t\t\t<\/div>\n\t\t<\/div>\n\t\t\t\t<div class=\"elementor-column elementor-col-50 elementor-top-column elementor-element elementor-element-201fb58\" data-id=\"201fb58\" data-element_type=\"column\" data-e-type=\"column\">\n\t\t\t<div class=\"elementor-widget-wrap elementor-element-populated\">\n\t\t\t\t\t\t<div class=\"elementor-element elementor-element-970a14c elementor-widget elementor-widget-image\" data-id=\"970a14c\" data-element_type=\"widget\" data-e-type=\"widget\" data-widget_type=\"image.default\">\n\t\t\t\t<div class=\"elementor-widget-container\">\n\t\t\t\t\t\t\t\t\t\t\t\t\t\t\t<img loading=\"lazy\" decoding=\"async\" width=\"321\" height=\"321\" src=\"https:\/\/www.starmoves.net\/wp-content\/uploads\/2025\/06\/ImageDownloader_ilogoyou.de_sm_dh_bouncer-321x321x0x0x321x321x1749557877.png\" class=\"attachment-full size-full wp-image-3634\" alt=\"\" srcset=\"https:\/\/www.starmoves.net\/wp-content\/uploads\/2025\/06\/ImageDownloader_ilogoyou.de_sm_dh_bouncer-321x321x0x0x321x321x1749557877.png 321w, https:\/\/www.starmoves.net\/wp-content\/uploads\/2025\/06\/ImageDownloader_ilogoyou.de_sm_dh_bouncer-321x321x0x0x321x321x1749557877-300x300.png 300w, https:\/\/www.starmoves.net\/wp-content\/uploads\/2025\/06\/ImageDownloader_ilogoyou.de_sm_dh_bouncer-321x321x0x0x321x321x1749557877-150x150.png 150w\" sizes=\"(max-width: 321px) 100vw, 321px\" \/>\t\t\t\t\t\t\t\t\t\t\t\t\t\t\t<\/div>\n\t\t\t\t<\/div>\n\t\t\t\t\t<\/div>\n\t\t<\/div>\n\t\t\t\t\t<\/div>\n\t\t<\/section>\n\t\t\t\t<section class=\"elementor-section elementor-top-section elementor-element elementor-element-8926bcb elementor-section-boxed elementor-section-height-default elementor-section-height-default\" data-id=\"8926bcb\" data-element_type=\"section\" data-e-type=\"section\" data-settings=\"{&quot;_ha_eqh_enable&quot;:false}\">\n\t\t\t\t\t\t<div class=\"elementor-container elementor-column-gap-default\">\n\t\t\t\t\t<div class=\"elementor-column elementor-col-50 elementor-top-column elementor-element elementor-element-81e290c\" data-id=\"81e290c\" data-element_type=\"column\" data-e-type=\"column\">\n\t\t\t<div class=\"elementor-widget-wrap elementor-element-populated\">\n\t\t\t\t\t\t<div class=\"elementor-element elementor-element-ff0aa7e elementor-widget elementor-widget-image\" data-id=\"ff0aa7e\" data-element_type=\"widget\" data-e-type=\"widget\" data-widget_type=\"image.default\">\n\t\t\t\t<div class=\"elementor-widget-container\">\n\t\t\t\t\t\t\t\t\t\t\t\t\t\t\t<img loading=\"lazy\" decoding=\"async\" width=\"321\" height=\"321\" src=\"https:\/\/www.starmoves.net\/wp-content\/uploads\/2025\/06\/hot_stepper.png\" class=\"attachment-full size-full wp-image-3637\" alt=\"\" srcset=\"https:\/\/www.starmoves.net\/wp-content\/uploads\/2025\/06\/hot_stepper.png 321w, https:\/\/www.starmoves.net\/wp-content\/uploads\/2025\/06\/hot_stepper-300x300.png 300w, https:\/\/www.starmoves.net\/wp-content\/uploads\/2025\/06\/hot_stepper-150x150.png 150w\" sizes=\"(max-width: 321px) 100vw, 321px\" \/>\t\t\t\t\t\t\t\t\t\t\t\t\t\t\t<\/div>\n\t\t\t\t<\/div>\n\t\t\t\t\t<\/div>\n\t\t<\/div>\n\t\t\t\t<div class=\"elementor-column elementor-col-50 elementor-top-column elementor-element elementor-element-6c34fc2\" data-id=\"6c34fc2\" data-element_type=\"column\" data-e-type=\"column\">\n\t\t\t<div class=\"elementor-widget-wrap elementor-element-populated\">\n\t\t\t\t\t\t<div class=\"elementor-element elementor-element-8577dd2 elementor-widget elementor-widget-heading\" data-id=\"8577dd2\" data-element_type=\"widget\" data-e-type=\"widget\" data-widget_type=\"heading.default\">\n\t\t\t\t<div class=\"elementor-widget-container\">\n\t\t\t\t\t<h2 class=\"elementor-heading-title elementor-size-default\">STEPPER A CALDO DI LIVELLO 5<\/h2>\t\t\t\t<\/div>\n\t\t\t\t<\/div>\n\t\t\t\t<div class=\"elementor-element elementor-element-766f231 elementor-widget elementor-widget-text-editor\" data-id=\"766f231\" data-element_type=\"widget\" data-e-type=\"widget\" data-widget_type=\"text-editor.default\">\n\t\t\t\t<div class=\"elementor-widget-container\">\n\t\t\t\t\t\t\t\t\t<p><span class=\"brz-cp-color7\">Ora sei arrivato al trono: sei un &#8220;hot stepper&#8221;. Il tuo nome dice tutto e le tue abilit\u00e0 sono impareggiabili. Infiammi il palco, vivi la cultura con ogni fibra e le tue mosse raccontano storie. Le tue abilit\u00e0 non sono solo una dichiarazione, ma un&#8217;eredit\u00e0. Ora tocca a te spingere la prossima generazione e trasmettere lo spirito della dancehall.    <\/span><\/p>\t\t\t\t\t\t\t\t<\/div>\n\t\t\t\t<\/div>\n\t\t\t\t\t<\/div>\n\t\t<\/div>\n\t\t\t\t\t<\/div>\n\t\t<\/section>\n\t\t\t\t<\/div>\n\t\t","protected":false},"excerpt":{"rendered":"<p>&#8220;Dalle prime vibrazioni agli hot stepper: vivi il tuo viaggio nella dancehall&#8221;. Lo Starmoves Dancehall College porta l&#8217;energia e la [&hellip;]<\/p>\n","protected":false},"author":1,"featured_media":0,"parent":0,"menu_order":0,"comment_status":"closed","ping_status":"closed","template":"","meta":{"_monsterinsights_skip_tracking":false,"_monsterinsights_sitenote_active":false,"_monsterinsights_sitenote_note":"","_monsterinsights_sitenote_category":0,"_uf_show_specific_survey":0,"_uf_disable_surveys":false,"site-sidebar-layout":"no-sidebar","site-content-layout":"","ast-site-content-layout":"full-width-container","site-content-style":"default","site-sidebar-style":"default","ast-global-header-display":"","ast-banner-title-visibility":"","ast-main-header-display":"","ast-hfb-above-header-display":"","ast-hfb-below-header-display":"","ast-hfb-mobile-header-display":"","site-post-title":"disabled","ast-breadcrumbs-content":"","ast-featured-img":"disabled","footer-sml-layout":"","ast-disable-related-posts":"","theme-transparent-header-meta":"","adv-header-id-meta":"","stick-header-meta":"","header-above-stick-meta":"","header-main-stick-meta":"","header-below-stick-meta":"","astra-migrate-meta-layouts":"default","ast-page-background-enabled":"default","ast-page-background-meta":{"desktop":{"background-color":"var(--ast-global-color-5)","background-image":"","background-repeat":"repeat","background-position":"center center","background-size":"auto","background-attachment":"scroll","background-type":"","background-media":"","overlay-type":"","overlay-color":"","overlay-opacity":"","overlay-gradient":""},"tablet":{"background-color":"","background-image":"","background-repeat":"repeat","background-position":"center center","background-size":"auto","background-attachment":"scroll","background-type":"","background-media":"","overlay-type":"","overlay-color":"","overlay-opacity":"","overlay-gradient":""},"mobile":{"background-color":"","background-image":"","background-repeat":"repeat","background-position":"center center","background-size":"auto","background-attachment":"scroll","background-type":"","background-media":"","overlay-type":"","overlay-color":"","overlay-opacity":"","overlay-gradient":""}},"ast-content-background-meta":{"desktop":{"background-color":"var(--ast-global-color-4)","background-image":"","background-repeat":"repeat","background-position":"center center","background-size":"auto","background-attachment":"scroll","background-type":"","background-media":"","overlay-type":"","overlay-color":"","overlay-opacity":"","overlay-gradient":""},"tablet":{"background-color":"var(--ast-global-color-4)","background-image":"","background-repeat":"repeat","background-position":"center center","background-size":"auto","background-attachment":"scroll","background-type":"","background-media":"","overlay-type":"","overlay-color":"","overlay-opacity":"","overlay-gradient":""},"mobile":{"background-color":"var(--ast-global-color-4)","background-image":"","background-repeat":"repeat","background-position":"center center","background-size":"auto","background-attachment":"scroll","background-type":"","background-media":"","overlay-type":"","overlay-color":"","overlay-opacity":"","overlay-gradient":""}},"footnotes":""},"class_list":["post-3632","page","type-page","status-publish","hentry"],"_links":{"self":[{"href":"https:\/\/www.starmoves.net\/it\/wp-json\/wp\/v2\/pages\/3632","targetHints":{"allow":["GET"]}}],"collection":[{"href":"https:\/\/www.starmoves.net\/it\/wp-json\/wp\/v2\/pages"}],"about":[{"href":"https:\/\/www.starmoves.net\/it\/wp-json\/wp\/v2\/types\/page"}],"author":[{"embeddable":true,"href":"https:\/\/www.starmoves.net\/it\/wp-json\/wp\/v2\/users\/1"}],"replies":[{"embeddable":true,"href":"https:\/\/www.starmoves.net\/it\/wp-json\/wp\/v2\/comments?post=3632"}],"version-history":[{"count":1,"href":"https:\/\/www.starmoves.net\/it\/wp-json\/wp\/v2\/pages\/3632\/revisions"}],"predecessor-version":[{"id":3642,"href":"https:\/\/www.starmoves.net\/it\/wp-json\/wp\/v2\/pages\/3632\/revisions\/3642"}],"wp:attachment":[{"href":"https:\/\/www.starmoves.net\/it\/wp-json\/wp\/v2\/media?parent=3632"}],"curies":[{"name":"wp","href":"https:\/\/api.w.org\/{rel}","templated":true}]}}